{"id":15,"date":"2024-12-27T16:55:29","date_gmt":"2024-12-27T21:55:29","guid":{"rendered":"https:\/\/nuevo.arapaimaexpeditions.com\/?page_id=15"},"modified":"2025-02-12T10:28:19","modified_gmt":"2025-02-12T15:28:19","slug":"terminos-y-condiciones","status":"publish","type":"page","link":"https:\/\/nuevo.arapaimaexpeditions.com\/en\/terminos-y-condiciones\/","title":{"rendered":"Terms and conditions"},"content":{"rendered":"<div data-elementor-type=\"wp-page\" data-elementor-id=\"15\" class=\"elementor elementor-15\" data-elementor-post-type=\"page\">\n\t\t\t\t\t\t<section class=\"elementor-section elementor-top-section elementor-element elementor-element-6f8091f7 elementor-section-boxed elementor-section-height-default elementor-section-height-default\" data-id=\"6f8091f7\" data-element_type=\"section\">\n\t\t\t\t\t\t<div class=\"elementor-container elementor-column-gap-default\">\n\t\t\t\t\t<div class=\"elementor-column elementor-col-100 elementor-top-column elementor-element elementor-element-e9d93e6\" data-id=\"e9d93e6\" data-element_type=\"column\">\n\t\t\t<div class=\"elementor-widget-wrap elementor-element-populated\">\n\t\t\t\t\t\t<div class=\"elementor-element elementor-element-2fd5acc elementor-widget elementor-widget-heading\" data-id=\"2fd5acc\" data-element_type=\"widget\" data-widget_type=\"heading.default\">\n\t\t\t\t<div class=\"elementor-widget-container\">\n\t\t\t<h2 class=\"elementor-heading-title elementor-size-default\">TERMS AND CONDITIONS<\/h2>\t\t<\/div>\n\t\t\t\t<\/div>\n\t\t\t\t<div class=\"elementor-element elementor-element-9597fd5 elementor-widget elementor-widget-text-editor\" data-id=\"9597fd5\" data-element_type=\"widget\" data-widget_type=\"text-editor.default\">\n\t\t\t\t<div class=\"elementor-widget-container\">\n\t\t\t\t\t\t\t<ul>\n<li>The rates are expressed in us dollars, per person, based on double occupancy.<\/li>\n<li>15-20% commission for agencies.<\/li>\n<li>The supplement of a suite in simple accommodation is 50% extra of the regular rate of an adult.<\/li>\n<li>Policies of children: the minimum age required to travel is 7 years. Children 7 to 11 years of age have a 50% discount on the regular rate of an adult. Children must be accompanied by 1 adult in the same cabin, it accepts a maximum of 1 child per cabin.<\/li>\n<\/ul>\n<p><strong><em><u>INCLUDES <\/u><\/em><\/strong><\/p>\n<ul>\n<li>All meals aboard the <strong>M\/F <\/strong><strong>ARAPAIMA EXPEDITIONS<\/strong><\/li>\n<li>All the excursions and equipment (including proper hiking boots and ponchos).<\/li>\n<li>Transfers from \/ to the boat when arriving on recommended flights to Iquitos.<\/li>\n<li>In case of being housed in hotels in the city of Iquitos \u2013 report to the department of sales and bookings to coordinate the pick up pre or post tour.<\/li>\n<li>Entrance fee to the National Reserve Pacaya-Samaria.<\/li>\n<li>Natural juices, coffee, herbal teas and water are included during the meals<\/li>\n<\/ul>\n<p><strong><em><u>NOT INCLUDED <\/u><\/em><\/strong><\/p>\n<ul>\n<li>Domestic flights.<\/li>\n<li>Cost of medical emergencies (including evacuation emergency)<\/li>\n<li>Rules of Tipping. Aboard the <strong>M\/F <\/strong><strong>ARAPAIMA EXPEDITIONS<\/strong> it is recommended that an amount in the range of $ 10- $ 15 per passenger per night for the crew (which will be split between all members of the crew), and between $ 7 \u2013 $10 per passenger per night in the guides. * Please note that these quantities which have been suggested levels of perks, and that this is entirely at the discretion of our guests aboard the ships.<\/li>\n<li>Any transport service additional<\/li>\n<li>Consumption bar additional<\/li>\n<\/ul>\n<p><strong><em><u>RESERVATIONS AND PAYMENTS <\/u><\/em><\/strong><\/p>\n<ul>\n<li>Bookings made 90 days or more prior to the date of shipment, and is required a deposit of$300.00 per person to confirm reservation.<\/li>\n<li>The final payment must be paid 90 days before the start of the journey. if the payment was not received on time, automatically, the reservation will be released.<\/li>\n<li>Bookings made 90 days or less in advance, full payment and non-refundable is required to confirm the reservation.<\/li>\n<\/ul>\n<p><strong><em><u>POLICIES CANCELLATION \u00a0<\/u><\/em><\/strong><\/p>\n<ul>\n<li>Cancellations made 120 days or more in advance, all deposits will be refunded less $.- 250.00 for administrative and operational expenses.<\/li>\n<li>Cancellations made 90 days or less in advance, full payment will be applied as a cancellation penalty and will not be refunded.<\/li>\n<li>Our rates allow change of date for one year from the date of purchase.<\/li>\n<li>Our rates allow change of passenger name, this change can be performed during one year from the date of purchase.<\/li>\n<li>Date changes will be made according to availability on the day of the request. Changes subject to availability.<\/li>\n<li>ARAPAIMA EXPEDITIONS, it applies a penalty of $ 400 for changes to the booking (travel date, names of passengers, itineraries or other). This penalty will apply for each time you request a change in the reserve.<\/li>\n<\/ul>\n<p><strong><em><u>CHARTER<\/u><\/em><\/strong><strong><em><u> THE ARAPIAMA EXPEDITIONS <\/u><\/em><\/strong><\/p>\n<p>The prices of charters custom is quoted according to your request and specific needs.<\/p>\t\t\t\t\t\t<\/div>\n\t\t\t\t<\/div>\n\t\t\t\t\t<\/div>\n\t\t<\/div>\n\t\t\t\t\t<\/div>\n\t\t<\/section>\n\t\t\t\t<\/div>","protected":false},"excerpt":{"rendered":"<p>T\u00c9RMINOS Y CONDICIONES Las tarifas est\u00e1n expresadas en d\u00f3lares americanos, por persona, basado en ocupaci\u00f3n doble. 15-20% comisi\u00f3n para agencias. [&hellip;]<\/p>","protected":false},"author":1,"featured_media":0,"parent":0,"menu_order":0,"comment_status":"closed","ping_status":"closed","template":"","meta":{"site-sidebar-layout":"default","site-content-layout":"","ast-site-content-layout":"","site-content-style":"default","site-sidebar-style":"default","ast-global-header-display":"","ast-banner-title-visibility":"","ast-main-header-display":"","ast-hfb-above-header-display":"","ast-hfb-below-header-display":"","ast-hfb-mobile-header-display":"","site-post-title":"","ast-breadcrumbs-content":"","ast-featured-img":"","footer-sml-layout":"","theme-transparent-header-meta":"","adv-header-id-meta":"","stick-header-meta":"","header-above-stick-meta":"","header-main-stick-meta":"","header-below-stick-meta":"","astra-migrate-meta-layouts":"default","ast-page-background-enabled":"default","ast-page-background-meta":{"desktop":{"background-color":"var(--ast-global-color-4)","background-image":"","background-repeat":"repeat","background-position":"center center","background-size":"auto","background-attachment":"scroll","background-type":"","background-media":"","overlay-type":"","overlay-color":"","overlay-opacity":"","overlay-gradient":""},"tablet":{"background-color":"","background-image":"","background-repeat":"repeat","background-position":"center center","background-size":"auto","background-attachment":"scroll","background-type":"","background-media":"","overlay-type":"","overlay-color":"","overlay-opacity":"","overlay-gradient":""},"mobile":{"background-color":"","background-image":"","background-repeat":"repeat","background-position":"center center","background-size":"auto","background-attachment":"scroll","background-type":"","background-media":"","overlay-type":"","overlay-color":"","overlay-opacity":"","overlay-gradient":""}},"ast-content-background-meta":{"desktop":{"background-color":"var(--ast-global-color-5)","background-image":"","background-repeat":"repeat","background-position":"center center","background-size":"auto","background-attachment":"scroll","background-type":"","background-media":"","overlay-type":"","overlay-color":"","overlay-opacity":"","overlay-gradient":""},"tablet":{"background-color":"var(--ast-global-color-5)","background-image":"","background-repeat":"repeat","background-position":"center center","background-size":"auto","background-attachment":"scroll","background-type":"","background-media":"","overlay-type":"","overlay-color":"","overlay-opacity":"","overlay-gradient":""},"mobile":{"background-color":"var(--ast-global-color-5)","background-image":"","background-repeat":"repeat","background-position":"center center","background-size":"auto","background-attachment":"scroll","background-type":"","background-media":"","overlay-type":"","overlay-color":"","overlay-opacity":"","overlay-gradient":""}},"footnotes":""},"class_list":["post-15","page","type-page","status-publish","hentry"],"yoast_head":"<!-- This site is optimized with the Yoast SEO plugin v27.4 - https:\/\/yoast.com\/product\/yoast-seo-wordpress\/ -->\n<title>Terminos y condiciones - Arapaima Expeditions<\/title>\n<meta name=\"robots\" content=\"index, follow, max-snippet:-1, max-image-preview:large, max-video-preview:-1\" \/>\n<link rel=\"canonical\" href=\"https:\/\/nuevo.arapaimaexpeditions.com\/en\/terminos-y-condiciones\/\" \/>\n<meta property=\"og:locale\" content=\"en_US\" \/>\n<meta property=\"og:type\" content=\"article\" \/>\n<meta property=\"og:title\" content=\"Terminos y condiciones - Arapaima Expeditions\" \/>\n<meta property=\"og:description\" content=\"T\u00c9RMINOS Y CONDICIONES Las tarifas est\u00e1n expresadas en d\u00f3lares americanos, por persona, basado en ocupaci\u00f3n doble. 15-20% comisi\u00f3n para agencias. [&hellip;]\" \/>\n<meta property=\"og:url\" content=\"https:\/\/nuevo.arapaimaexpeditions.com\/en\/terminos-y-condiciones\/\" \/>\n<meta property=\"og:site_name\" content=\"Arapaima Expeditions\" \/>\n<meta property=\"article:modified_time\" content=\"2025-02-12T15:28:19+00:00\" \/>\n<meta name=\"twitter:card\" content=\"summary_large_image\" \/>\n<meta name=\"twitter:label1\" content=\"Est. reading time\" \/>\n\t<meta name=\"twitter:data1\" content=\"3 minutes\" \/>\n<script type=\"application\/ld+json\" class=\"yoast-schema-graph\">{\"@context\":\"https:\\\/\\\/schema.org\",\"@graph\":[{\"@type\":\"WebPage\",\"@id\":\"https:\\\/\\\/nuevo.arapaimaexpeditions.com\\\/terminos-y-condiciones\\\/\",\"url\":\"https:\\\/\\\/nuevo.arapaimaexpeditions.com\\\/terminos-y-condiciones\\\/\",\"name\":\"Terminos y condiciones - Arapaima Expeditions\",\"isPartOf\":{\"@id\":\"https:\\\/\\\/nuevo.arapaimaexpeditions.com\\\/#website\"},\"datePublished\":\"2024-12-27T21:55:29+00:00\",\"dateModified\":\"2025-02-12T15:28:19+00:00\",\"breadcrumb\":{\"@id\":\"https:\\\/\\\/nuevo.arapaimaexpeditions.com\\\/terminos-y-condiciones\\\/#breadcrumb\"},\"inLanguage\":\"en-US\",\"potentialAction\":[{\"@type\":\"ReadAction\",\"target\":[\"https:\\\/\\\/nuevo.arapaimaexpeditions.com\\\/terminos-y-condiciones\\\/\"]}]},{\"@type\":\"BreadcrumbList\",\"@id\":\"https:\\\/\\\/nuevo.arapaimaexpeditions.com\\\/terminos-y-condiciones\\\/#breadcrumb\",\"itemListElement\":[{\"@type\":\"ListItem\",\"position\":1,\"name\":\"Home\",\"item\":\"https:\\\/\\\/nuevo.arapaimaexpeditions.com\\\/\"},{\"@type\":\"ListItem\",\"position\":2,\"name\":\"Terminos y condiciones\"}]},{\"@type\":\"WebSite\",\"@id\":\"https:\\\/\\\/nuevo.arapaimaexpeditions.com\\\/#website\",\"url\":\"https:\\\/\\\/nuevo.arapaimaexpeditions.com\\\/\",\"name\":\"Arapaima Expeditions\",\"description\":\"Aventuras por el Rio Amazonas\",\"publisher\":{\"@id\":\"https:\\\/\\\/nuevo.arapaimaexpeditions.com\\\/#organization\"},\"potentialAction\":[{\"@type\":\"SearchAction\",\"target\":{\"@type\":\"EntryPoint\",\"urlTemplate\":\"https:\\\/\\\/nuevo.arapaimaexpeditions.com\\\/?s={search_term_string}\"},\"query-input\":{\"@type\":\"PropertyValueSpecification\",\"valueRequired\":true,\"valueName\":\"search_term_string\"}}],\"inLanguage\":\"en-US\"},{\"@type\":\"Organization\",\"@id\":\"https:\\\/\\\/nuevo.arapaimaexpeditions.com\\\/#organization\",\"name\":\"Arapaima Expeditions\",\"url\":\"https:\\\/\\\/nuevo.arapaimaexpeditions.com\\\/\",\"logo\":{\"@type\":\"ImageObject\",\"inLanguage\":\"en-US\",\"@id\":\"https:\\\/\\\/nuevo.arapaimaexpeditions.com\\\/#\\\/schema\\\/logo\\\/image\\\/\",\"url\":\"https:\\\/\\\/nuevo.arapaimaexpeditions.com\\\/wp-content\\\/uploads\\\/2024\\\/12\\\/logo-arapaima-expeditions.png\",\"contentUrl\":\"https:\\\/\\\/nuevo.arapaimaexpeditions.com\\\/wp-content\\\/uploads\\\/2024\\\/12\\\/logo-arapaima-expeditions.png\",\"width\":136,\"height\":136,\"caption\":\"Arapaima Expeditions\"},\"image\":{\"@id\":\"https:\\\/\\\/nuevo.arapaimaexpeditions.com\\\/#\\\/schema\\\/logo\\\/image\\\/\"}}]}<\/script>\n<!-- \/ Yoast SEO plugin. -->","yoast_head_json":{"title":"Terminos y condiciones - Arapaima Expeditions","robots":{"index":"index","follow":"follow","max-snippet":"max-snippet:-1","max-image-preview":"max-image-preview:large","max-video-preview":"max-video-preview:-1"},"canonical":"https:\/\/nuevo.arapaimaexpeditions.com\/en\/terminos-y-condiciones\/","og_locale":"en_US","og_type":"article","og_title":"Terminos y condiciones - Arapaima Expeditions","og_description":"T\u00c9RMINOS Y CONDICIONES Las tarifas est\u00e1n expresadas en d\u00f3lares americanos, por persona, basado en ocupaci\u00f3n doble. 15-20% comisi\u00f3n para agencias. [&hellip;]","og_url":"https:\/\/nuevo.arapaimaexpeditions.com\/en\/terminos-y-condiciones\/","og_site_name":"Arapaima Expeditions","article_modified_time":"2025-02-12T15:28:19+00:00","twitter_card":"summary_large_image","twitter_misc":{"Est. reading time":"3 minutes"},"schema":{"@context":"https:\/\/schema.org","@graph":[{"@type":"WebPage","@id":"https:\/\/nuevo.arapaimaexpeditions.com\/terminos-y-condiciones\/","url":"https:\/\/nuevo.arapaimaexpeditions.com\/terminos-y-condiciones\/","name":"Terminos y condiciones - Arapaima Expeditions","isPartOf":{"@id":"https:\/\/nuevo.arapaimaexpeditions.com\/#website"},"datePublished":"2024-12-27T21:55:29+00:00","dateModified":"2025-02-12T15:28:19+00:00","breadcrumb":{"@id":"https:\/\/nuevo.arapaimaexpeditions.com\/terminos-y-condiciones\/#breadcrumb"},"inLanguage":"en-US","potentialAction":[{"@type":"ReadAction","target":["https:\/\/nuevo.arapaimaexpeditions.com\/terminos-y-condiciones\/"]}]},{"@type":"BreadcrumbList","@id":"https:\/\/nuevo.arapaimaexpeditions.com\/terminos-y-condiciones\/#breadcrumb","itemListElement":[{"@type":"ListItem","position":1,"name":"Home","item":"https:\/\/nuevo.arapaimaexpeditions.com\/"},{"@type":"ListItem","position":2,"name":"Terminos y condiciones"}]},{"@type":"WebSite","@id":"https:\/\/nuevo.arapaimaexpeditions.com\/#website","url":"https:\/\/nuevo.arapaimaexpeditions.com\/","name":"Arapaima Expeditions","description":"Aventuras por el Rio Amazonas","publisher":{"@id":"https:\/\/nuevo.arapaimaexpeditions.com\/#organization"},"potentialAction":[{"@type":"SearchAction","target":{"@type":"EntryPoint","urlTemplate":"https:\/\/nuevo.arapaimaexpeditions.com\/?s={search_term_string}"},"query-input":{"@type":"PropertyValueSpecification","valueRequired":true,"valueName":"search_term_string"}}],"inLanguage":"en-US"},{"@type":"Organization","@id":"https:\/\/nuevo.arapaimaexpeditions.com\/#organization","name":"Arapaima Expeditions","url":"https:\/\/nuevo.arapaimaexpeditions.com\/","logo":{"@type":"ImageObject","inLanguage":"en-US","@id":"https:\/\/nuevo.arapaimaexpeditions.com\/#\/schema\/logo\/image\/","url":"https:\/\/nuevo.arapaimaexpeditions.com\/wp-content\/uploads\/2024\/12\/logo-arapaima-expeditions.png","contentUrl":"https:\/\/nuevo.arapaimaexpeditions.com\/wp-content\/uploads\/2024\/12\/logo-arapaima-expeditions.png","width":136,"height":136,"caption":"Arapaima Expeditions"},"image":{"@id":"https:\/\/nuevo.arapaimaexpeditions.com\/#\/schema\/logo\/image\/"}}]}},"_links":{"self":[{"href":"https:\/\/nuevo.arapaimaexpeditions.com\/en\/wp-json\/wp\/v2\/pages\/15","targetHints":{"allow":["GET"]}}],"collection":[{"href":"https:\/\/nuevo.arapaimaexpeditions.com\/en\/wp-json\/wp\/v2\/pages"}],"about":[{"href":"https:\/\/nuevo.arapaimaexpeditions.com\/en\/wp-json\/wp\/v2\/types\/page"}],"author":[{"embeddable":true,"href":"https:\/\/nuevo.arapaimaexpeditions.com\/en\/wp-json\/wp\/v2\/users\/1"}],"replies":[{"embeddable":true,"href":"https:\/\/nuevo.arapaimaexpeditions.com\/en\/wp-json\/wp\/v2\/comments?post=15"}],"version-history":[{"count":7,"href":"https:\/\/nuevo.arapaimaexpeditions.com\/en\/wp-json\/wp\/v2\/pages\/15\/revisions"}],"predecessor-version":[{"id":491,"href":"https:\/\/nuevo.arapaimaexpeditions.com\/en\/wp-json\/wp\/v2\/pages\/15\/revisions\/491"}],"wp:attachment":[{"href":"https:\/\/nuevo.arapaimaexpeditions.com\/en\/wp-json\/wp\/v2\/media?parent=15"}],"curies":[{"name":"wp","href":"https:\/\/api.w.org\/{rel}","templated":true}]}}