{"id":102,"date":"2025-01-06T21:50:34","date_gmt":"2025-01-06T21:50:34","guid":{"rendered":"https:\/\/nuevo.arapaimaexpeditions.com\/?post_type=product&#038;p=102"},"modified":"2025-02-12T12:03:55","modified_gmt":"2025-02-12T17:03:55","slug":"tour-iquitos-historico","status":"publish","type":"product","link":"https:\/\/nuevo.arapaimaexpeditions.com\/en\/product\/tour-iquitos-historico\/","title":{"rendered":"Tour iquitos historical"},"content":{"rendered":"<p><strong>Day 1: Arrival to Iquitos<\/strong><\/p>\n<ul>\n<li>Flight morning or at noon to Iquitos.<\/li>\n<li>Reception at the airport and transfer to the city for lunch at The Inn, with a view to the tropical jungle.<\/li>\n<li>Check-in at the hotel and free time to organize.<\/li>\n<li>Walking tour through the historic center of Iquitos.<\/li>\n<li>Free dinner with recommendations of the guide.<\/li>\n<\/ul>\n<p><strong>Day 2: Exploration of Iquitos and the surrounding area<\/strong><\/p>\n<ul>\n<li>Breakfast and transfer to the port of Nanay, visit to a local market.<\/li>\n<li>Stop at the Bridge Golden Gates of the Amazon, impressive structure 2.3 km<\/li>\n<li>Boat trip to Padre Cocha, visit the butterfly garden of Gudrun Sperrer.<\/li>\n<li>Interaction with the community Kukama, with traditional dance and local crafts.<\/li>\n<li>Lunch and visit to the Museum of Indigenous Cultures of the Amazon, and the Museum of the Historic Boat.<\/li>\n<li>Dinner at a local restaurant.<\/li>\n<\/ul>\n<p><strong>Day 3: Neighbourhood of Bethlehem and output to Nauta<\/strong><\/p>\n<ul>\n<li>Visit to the Neighborhood of Bethlehem, famous for its floating market and the life on the banks of the Itaya river.<\/li>\n<li>Transfer to Nauta, boarding the boat Arapaima and welcome with tropical drinks.<\/li>\n<li>Talk about the geography of the area, and observation of stars.<\/li>\n<li>Navigation to the confluence of the rivers Mara\u00f1\u00f3n and Ucayali, the source of the Amazon.<\/li>\n<li>Excursion to watch birds and mammals such as pink dolphins, and monkeys.<\/li>\n<li>Dinner on board.<\/li>\n<\/ul>\n<p><strong>Day 4: Adventure in the Pacaya-Samiria National Reserve<\/strong><\/p>\n<ul>\n<li>Navigation on the river Ucayali, and exploration of the communal reserve of rio Yarapa.<\/li>\n<li>Walk through the forest flooded Varzea, and observation of flora and fauna.<\/li>\n<li>Interaction with the community Kukama and purchases of local products.<\/li>\n<li>Afternoon of exploration in open boats, observation of wild life and ecosystem of the forest floodplain.<\/li>\n<li>Dinner on board.<\/li>\n<\/ul>\n<p><strong>Day 5: piranha Fishing, and exploration in the forest<\/strong><\/p>\n<ul>\n<li>Fishing for piranhas in an oxbow lake, with observation of birds and other wildlife.<\/li>\n<li>Presentation of tropical fruits and its health benefits.<\/li>\n<li>Lunch aboard the boat.<\/li>\n<li>Afternoon of exploration in a protected forest by the Kukama, with sightings of frogs, reptiles and tarantulas.<\/li>\n<li>Dinner on board.<\/li>\n<\/ul>\n<p><strong>Day 6: Back to Iquitos<\/strong><\/p>\n<ul>\n<li>Breakfast and disembarkation in the town of Nauta.<\/li>\n<li>Transfer to the airport of Iquitos, with a stop at the Rescue Centre for Manatees &#034;Amazon Forever Biopark&#034;, where they care for manatees and other endangered species.<\/li>\n<li>Eventual transfer to the airport for the return flight.<\/li>\n<\/ul>\n<p>This itinerary offers a unique experience of immersion in the amazon jungle, visits to indigenous communities, seeing wildlife, and explorations of the rich biodiversity of the region.<\/p>","protected":false},"excerpt":{"rendered":"<ul>\n<li><strong>Day 1: Arrival to Iquitos<\/strong><\/li>\n<li><strong>Day 2: Exploration of Iquitos and the surrounding area<\/strong><\/li>\n<li><strong>Day 3: Neighbourhood of Bethlehem and output to Nauta<\/strong><\/li>\n<\/ul>","protected":false},"featured_media":197,"template":"","meta":{"site-sidebar-layout":"default","site-content-layout":"","ast-site-content-layout":"default","site-content-style":"default","site-sidebar-style":"default","ast-global-header-display":"","ast-banner-title-visibility":"","ast-main-header-display":"","ast-hfb-above-header-display":"","ast-hfb-below-header-display":"","ast-hfb-mobile-header-display":"","site-post-title":"","ast-breadcrumbs-content":"","ast-featured-img":"","footer-sml-layout":"","theme-transparent-header-meta":"default","adv-header-id-meta":"","stick-header-meta":"","header-above-stick-meta":"","header-main-stick-meta":"","header-below-stick-meta":"","astra-migrate-meta-layouts":"set","ast-page-background-enabled":"default","ast-page-background-meta":{"desktop":{"background-color":"var(--ast-global-color-4)","background-image":"","background-repeat":"repeat","background-position":"center center","background-size":"auto","background-attachment":"scroll","background-type":"","background-media":"","overlay-type":"","overlay-color":"","overlay-opacity":"","overlay-gradient":""},"tablet":{"background-color":"","background-image":"","background-repeat":"repeat","background-position":"center center","background-size":"auto","background-attachment":"scroll","background-type":"","background-media":"","overlay-type":"","overlay-color":"","overlay-opacity":"","overlay-gradient":""},"mobile":{"background-color":"","background-image":"","background-repeat":"repeat","background-position":"center center","background-size":"auto","background-attachment":"scroll","background-type":"","background-media":"","overlay-type":"","overlay-color":"","overlay-opacity":"","overlay-gradient":""}},"ast-content-background-meta":{"desktop":{"background-color":"var(--ast-global-color-5)","background-image":"","background-repeat":"repeat","background-position":"center center","background-size":"auto","background-attachment":"scroll","background-type":"","background-media":"","overlay-type":"","overlay-color":"","overlay-opacity":"","overlay-gradient":""},"tablet":{"background-color":"var(--ast-global-color-5)","background-image":"","background-repeat":"repeat","background-position":"center center","background-size":"auto","background-attachment":"scroll","background-type":"","background-media":"","overlay-type":"","overlay-color":"","overlay-opacity":"","overlay-gradient":""},"mobile":{"background-color":"var(--ast-global-color-5)","background-image":"","background-repeat":"repeat","background-position":"center center","background-size":"auto","background-attachment":"scroll","background-type":"","background-media":"","overlay-type":"","overlay-color":"","overlay-opacity":"","overlay-gradient":""}}},"product_cat":[24],"product_tag":[],"ubicacion":[22],"class_list":{"0":"post-102","1":"product","2":"type-product","3":"status-publish","4":"has-post-thumbnail","6":"product_cat-6d-5n","7":"ubicacion-iquitos","8":"desktop-align-left","9":"tablet-align-left","10":"mobile-align-left","12":"first","13":"instock","14":"shipping-taxable","15":"purchasable","16":"product-type-simple"},"yoast_head":"<!-- This site is optimized with the Yoast SEO plugin v27.4 - https:\/\/yoast.com\/product\/yoast-seo-wordpress\/ -->\n<title>Tour iquitos historico - Arapaima Expeditions<\/title>\n<meta name=\"robots\" content=\"index, follow, max-snippet:-1, max-image-preview:large, max-video-preview:-1\" \/>\n<link rel=\"canonical\" href=\"https:\/\/nuevo.arapaimaexpeditions.com\/en\/product\/tour-iquitos-historico\/\" \/>\n<meta property=\"og:locale\" content=\"en_US\" \/>\n<meta property=\"og:type\" content=\"article\" \/>\n<meta property=\"og:title\" content=\"Tour iquitos historico - Arapaima Expeditions\" \/>\n<meta property=\"og:description\" content=\"D\u00eda 1: Llegada a Iquitos  D\u00eda 2: Exploraci\u00f3n de Iquitos y alrededores  D\u00eda 3: Barrio de Bel\u00e9n y salida a Nauta\" \/>\n<meta property=\"og:url\" content=\"https:\/\/nuevo.arapaimaexpeditions.com\/en\/product\/tour-iquitos-historico\/\" \/>\n<meta property=\"og:site_name\" content=\"Arapaima Expeditions\" \/>\n<meta property=\"article:modified_time\" content=\"2025-02-12T17:03:55+00:00\" \/>\n<meta property=\"og:image\" content=\"https:\/\/nuevo.arapaimaexpeditions.com\/wp-content\/uploads\/2025\/01\/IMG-20191016-WA0006.jpg\" \/>\n\t<meta property=\"og:image:width\" content=\"1280\" \/>\n\t<meta property=\"og:image:height\" content=\"1280\" \/>\n\t<meta property=\"og:image:type\" content=\"image\/jpeg\" \/>\n<meta name=\"twitter:card\" content=\"summary_large_image\" \/>\n<meta name=\"twitter:label1\" content=\"Est. reading time\" \/>\n\t<meta name=\"twitter:data1\" content=\"3 minutes\" \/>\n<script type=\"application\/ld+json\" class=\"yoast-schema-graph\">{\"@context\":\"https:\\\/\\\/schema.org\",\"@graph\":[{\"@type\":\"WebPage\",\"@id\":\"https:\\\/\\\/nuevo.arapaimaexpeditions.com\\\/producto\\\/tour-iquitos-historico\\\/\",\"url\":\"https:\\\/\\\/nuevo.arapaimaexpeditions.com\\\/producto\\\/tour-iquitos-historico\\\/\",\"name\":\"Tour iquitos historico - Arapaima Expeditions\",\"isPartOf\":{\"@id\":\"https:\\\/\\\/nuevo.arapaimaexpeditions.com\\\/#website\"},\"primaryImageOfPage\":{\"@id\":\"https:\\\/\\\/nuevo.arapaimaexpeditions.com\\\/producto\\\/tour-iquitos-historico\\\/#primaryimage\"},\"image\":{\"@id\":\"https:\\\/\\\/nuevo.arapaimaexpeditions.com\\\/producto\\\/tour-iquitos-historico\\\/#primaryimage\"},\"thumbnailUrl\":\"https:\\\/\\\/nuevo.arapaimaexpeditions.com\\\/wp-content\\\/uploads\\\/2025\\\/01\\\/IMG-20191016-WA0006.jpg\",\"datePublished\":\"2025-01-06T21:50:34+00:00\",\"dateModified\":\"2025-02-12T17:03:55+00:00\",\"breadcrumb\":{\"@id\":\"https:\\\/\\\/nuevo.arapaimaexpeditions.com\\\/producto\\\/tour-iquitos-historico\\\/#breadcrumb\"},\"inLanguage\":\"en-US\",\"potentialAction\":[{\"@type\":\"ReadAction\",\"target\":[\"https:\\\/\\\/nuevo.arapaimaexpeditions.com\\\/producto\\\/tour-iquitos-historico\\\/\"]}]},{\"@type\":\"ImageObject\",\"inLanguage\":\"en-US\",\"@id\":\"https:\\\/\\\/nuevo.arapaimaexpeditions.com\\\/producto\\\/tour-iquitos-historico\\\/#primaryimage\",\"url\":\"https:\\\/\\\/nuevo.arapaimaexpeditions.com\\\/wp-content\\\/uploads\\\/2025\\\/01\\\/IMG-20191016-WA0006.jpg\",\"contentUrl\":\"https:\\\/\\\/nuevo.arapaimaexpeditions.com\\\/wp-content\\\/uploads\\\/2025\\\/01\\\/IMG-20191016-WA0006.jpg\",\"width\":1280,\"height\":1280},{\"@type\":\"BreadcrumbList\",\"@id\":\"https:\\\/\\\/nuevo.arapaimaexpeditions.com\\\/producto\\\/tour-iquitos-historico\\\/#breadcrumb\",\"itemListElement\":[{\"@type\":\"ListItem\",\"position\":1,\"name\":\"Home\",\"item\":\"https:\\\/\\\/nuevo.arapaimaexpeditions.com\\\/\"},{\"@type\":\"ListItem\",\"position\":2,\"name\":\"Productos\",\"item\":\"https:\\\/\\\/nuevo.arapaimaexpeditions.com\\\/tienda\\\/\"},{\"@type\":\"ListItem\",\"position\":3,\"name\":\"Tour iquitos historico\"}]},{\"@type\":\"WebSite\",\"@id\":\"https:\\\/\\\/nuevo.arapaimaexpeditions.com\\\/#website\",\"url\":\"https:\\\/\\\/nuevo.arapaimaexpeditions.com\\\/\",\"name\":\"Arapaima Expeditions\",\"description\":\"Aventuras por el Rio Amazonas\",\"publisher\":{\"@id\":\"https:\\\/\\\/nuevo.arapaimaexpeditions.com\\\/#organization\"},\"potentialAction\":[{\"@type\":\"SearchAction\",\"target\":{\"@type\":\"EntryPoint\",\"urlTemplate\":\"https:\\\/\\\/nuevo.arapaimaexpeditions.com\\\/?s={search_term_string}\"},\"query-input\":{\"@type\":\"PropertyValueSpecification\",\"valueRequired\":true,\"valueName\":\"search_term_string\"}}],\"inLanguage\":\"en-US\"},{\"@type\":\"Organization\",\"@id\":\"https:\\\/\\\/nuevo.arapaimaexpeditions.com\\\/#organization\",\"name\":\"Arapaima Expeditions\",\"url\":\"https:\\\/\\\/nuevo.arapaimaexpeditions.com\\\/\",\"logo\":{\"@type\":\"ImageObject\",\"inLanguage\":\"en-US\",\"@id\":\"https:\\\/\\\/nuevo.arapaimaexpeditions.com\\\/#\\\/schema\\\/logo\\\/image\\\/\",\"url\":\"https:\\\/\\\/nuevo.arapaimaexpeditions.com\\\/wp-content\\\/uploads\\\/2024\\\/12\\\/logo-arapaima-expeditions.png\",\"contentUrl\":\"https:\\\/\\\/nuevo.arapaimaexpeditions.com\\\/wp-content\\\/uploads\\\/2024\\\/12\\\/logo-arapaima-expeditions.png\",\"width\":136,\"height\":136,\"caption\":\"Arapaima Expeditions\"},\"image\":{\"@id\":\"https:\\\/\\\/nuevo.arapaimaexpeditions.com\\\/#\\\/schema\\\/logo\\\/image\\\/\"}}]}<\/script>\n<!-- \/ Yoast SEO plugin. -->","yoast_head_json":{"title":"Tour iquitos historico - Arapaima Expeditions","robots":{"index":"index","follow":"follow","max-snippet":"max-snippet:-1","max-image-preview":"max-image-preview:large","max-video-preview":"max-video-preview:-1"},"canonical":"https:\/\/nuevo.arapaimaexpeditions.com\/en\/product\/tour-iquitos-historico\/","og_locale":"en_US","og_type":"article","og_title":"Tour iquitos historico - Arapaima Expeditions","og_description":"D\u00eda 1: Llegada a Iquitos  D\u00eda 2: Exploraci\u00f3n de Iquitos y alrededores  D\u00eda 3: Barrio de Bel\u00e9n y salida a Nauta","og_url":"https:\/\/nuevo.arapaimaexpeditions.com\/en\/product\/tour-iquitos-historico\/","og_site_name":"Arapaima Expeditions","article_modified_time":"2025-02-12T17:03:55+00:00","og_image":[{"width":1280,"height":1280,"url":"https:\/\/nuevo.arapaimaexpeditions.com\/wp-content\/uploads\/2025\/01\/IMG-20191016-WA0006.jpg","type":"image\/jpeg"}],"twitter_card":"summary_large_image","twitter_misc":{"Est. reading time":"3 minutes"},"schema":{"@context":"https:\/\/schema.org","@graph":[{"@type":"WebPage","@id":"https:\/\/nuevo.arapaimaexpeditions.com\/producto\/tour-iquitos-historico\/","url":"https:\/\/nuevo.arapaimaexpeditions.com\/producto\/tour-iquitos-historico\/","name":"Tour iquitos historico - Arapaima Expeditions","isPartOf":{"@id":"https:\/\/nuevo.arapaimaexpeditions.com\/#website"},"primaryImageOfPage":{"@id":"https:\/\/nuevo.arapaimaexpeditions.com\/producto\/tour-iquitos-historico\/#primaryimage"},"image":{"@id":"https:\/\/nuevo.arapaimaexpeditions.com\/producto\/tour-iquitos-historico\/#primaryimage"},"thumbnailUrl":"https:\/\/nuevo.arapaimaexpeditions.com\/wp-content\/uploads\/2025\/01\/IMG-20191016-WA0006.jpg","datePublished":"2025-01-06T21:50:34+00:00","dateModified":"2025-02-12T17:03:55+00:00","breadcrumb":{"@id":"https:\/\/nuevo.arapaimaexpeditions.com\/producto\/tour-iquitos-historico\/#breadcrumb"},"inLanguage":"en-US","potentialAction":[{"@type":"ReadAction","target":["https:\/\/nuevo.arapaimaexpeditions.com\/producto\/tour-iquitos-historico\/"]}]},{"@type":"ImageObject","inLanguage":"en-US","@id":"https:\/\/nuevo.arapaimaexpeditions.com\/producto\/tour-iquitos-historico\/#primaryimage","url":"https:\/\/nuevo.arapaimaexpeditions.com\/wp-content\/uploads\/2025\/01\/IMG-20191016-WA0006.jpg","contentUrl":"https:\/\/nuevo.arapaimaexpeditions.com\/wp-content\/uploads\/2025\/01\/IMG-20191016-WA0006.jpg","width":1280,"height":1280},{"@type":"BreadcrumbList","@id":"https:\/\/nuevo.arapaimaexpeditions.com\/producto\/tour-iquitos-historico\/#breadcrumb","itemListElement":[{"@type":"ListItem","position":1,"name":"Home","item":"https:\/\/nuevo.arapaimaexpeditions.com\/"},{"@type":"ListItem","position":2,"name":"Productos","item":"https:\/\/nuevo.arapaimaexpeditions.com\/tienda\/"},{"@type":"ListItem","position":3,"name":"Tour iquitos historico"}]},{"@type":"WebSite","@id":"https:\/\/nuevo.arapaimaexpeditions.com\/#website","url":"https:\/\/nuevo.arapaimaexpeditions.com\/","name":"Arapaima Expeditions","description":"Aventuras por el Rio Amazonas","publisher":{"@id":"https:\/\/nuevo.arapaimaexpeditions.com\/#organization"},"potentialAction":[{"@type":"SearchAction","target":{"@type":"EntryPoint","urlTemplate":"https:\/\/nuevo.arapaimaexpeditions.com\/?s={search_term_string}"},"query-input":{"@type":"PropertyValueSpecification","valueRequired":true,"valueName":"search_term_string"}}],"inLanguage":"en-US"},{"@type":"Organization","@id":"https:\/\/nuevo.arapaimaexpeditions.com\/#organization","name":"Arapaima Expeditions","url":"https:\/\/nuevo.arapaimaexpeditions.com\/","logo":{"@type":"ImageObject","inLanguage":"en-US","@id":"https:\/\/nuevo.arapaimaexpeditions.com\/#\/schema\/logo\/image\/","url":"https:\/\/nuevo.arapaimaexpeditions.com\/wp-content\/uploads\/2024\/12\/logo-arapaima-expeditions.png","contentUrl":"https:\/\/nuevo.arapaimaexpeditions.com\/wp-content\/uploads\/2024\/12\/logo-arapaima-expeditions.png","width":136,"height":136,"caption":"Arapaima Expeditions"},"image":{"@id":"https:\/\/nuevo.arapaimaexpeditions.com\/#\/schema\/logo\/image\/"}}]}},"_links":{"self":[{"href":"https:\/\/nuevo.arapaimaexpeditions.com\/en\/wp-json\/wp\/v2\/product\/102","targetHints":{"allow":["GET"]}}],"collection":[{"href":"https:\/\/nuevo.arapaimaexpeditions.com\/en\/wp-json\/wp\/v2\/product"}],"about":[{"href":"https:\/\/nuevo.arapaimaexpeditions.com\/en\/wp-json\/wp\/v2\/types\/product"}],"wp:featuredmedia":[{"embeddable":true,"href":"https:\/\/nuevo.arapaimaexpeditions.com\/en\/wp-json\/wp\/v2\/media\/197"}],"wp:attachment":[{"href":"https:\/\/nuevo.arapaimaexpeditions.com\/en\/wp-json\/wp\/v2\/media?parent=102"}],"wp:term":[{"taxonomy":"product_cat","embeddable":true,"href":"https:\/\/nuevo.arapaimaexpeditions.com\/en\/wp-json\/wp\/v2\/product_cat?post=102"},{"taxonomy":"product_tag","embeddable":true,"href":"https:\/\/nuevo.arapaimaexpeditions.com\/en\/wp-json\/wp\/v2\/product_tag?post=102"},{"taxonomy":"ubicacion","embeddable":true,"href":"https:\/\/nuevo.arapaimaexpeditions.com\/en\/wp-json\/wp\/v2\/ubicacion?post=102"}],"curies":[{"name":"wp","href":"https:\/\/api.w.org\/{rel}","templated":true}]}}