{"id":96,"date":"2025-01-06T21:45:08","date_gmt":"2025-01-06T21:45:08","guid":{"rendered":"https:\/\/nuevo.arapaimaexpeditions.com\/?post_type=product&#038;p=96"},"modified":"2025-02-12T12:06:56","modified_gmt":"2025-02-12T17:06:56","slug":"programa-8d-7n","status":"publish","type":"product","link":"https:\/\/nuevo.arapaimaexpeditions.com\/en\/product\/programa-8d-7n\/","title":{"rendered":"Program 8D\/7N"},"content":{"rendered":"<p><strong>DAY 1: Arrival and Boarding the M\/F ARAPAIMA<\/strong><\/p>\n<ul>\n<li>Recepci\u00f3n en el <strong>aeropuerto\/hotel<\/strong> y traslado en bus al embarcadero privado en <strong>Nauta<\/strong>.<\/li>\n<li>Abordaje del <strong>barco ARAPAIMA<\/strong>, donde la tripulaci\u00f3n, liderada por el Capit\u00e1n, nos dar\u00e1 una cordial bienvenida con un trago ex\u00f3tico de cortes\u00eda.<\/li>\n<li>Instrucciones de seguridad y presentaci\u00f3n del itinerario por parte de nuestro <strong>gu\u00eda naturalista<\/strong>.<\/li>\n<li>Comenzamos la navegaci\u00f3n por el <strong>R\u00edo Mara\u00f1\u00f3n<\/strong>, considerado el afluente m\u00e1s grande del Amazonas, y conoceremos su fascinante historia y geograf\u00eda.<\/li>\n<li>El gu\u00eda naturalista compartir\u00e1 diapositivas sobre la zona a explorar y las especies que podremos observar.<\/li>\n<li>Realizaremos una excursi\u00f3n en bote por la <strong>Reserva Nacional Pacaya-Samiria<\/strong>, observando aves, monos, osos perezosos, iguanas y los famosos <strong>delfines rosados y grises<\/strong>.<\/li>\n<li>Al atardecer, disfrutaremos de un paseo en la selva para ver c\u00f3mo la fauna nocturna toma protagonismo.<\/li>\n<li>Cena a bordo del <strong>barco Arapaima<\/strong>.<br \/>\n<strong>A\/C<\/strong><\/li>\n<\/ul>\n<p><strong>DAY 2: Exploration in the Amazon Jungle<\/strong><\/p>\n<ul>\n<li>Despertamos al <strong>amanecer amaz\u00f3nico<\/strong> a bordo del <strong>Arapaima<\/strong>.<\/li>\n<li>Excursi\u00f3n en bote hacia la quebrada de <strong>Yanayaquillo<\/strong> para observar y escuchar el canto de diversas especies de aves al amanecer.<\/li>\n<li>Regresamos al barco para el desayuno.<\/li>\n<li>Caminata en la <strong>selva de tierra firme<\/strong>, explorando el bosque y las plataformas colgantes que nos permiten observar desde lo alto.<\/li>\n<li>Almuerzo a bordo.<\/li>\n<li>Tarde libre para procesar la informaci\u00f3n y relajarnos.<\/li>\n<li>Interacci\u00f3n con el <strong>Shaman<\/strong> local, quien compartir\u00e1 sus conocimientos sobre las plantas medicinales de la regi\u00f3n.<br \/>\n<strong>D\/A\/C<\/strong><\/li>\n<\/ul>\n<p><strong>DAY 3: Adventure in the River Pucate and Canoe Amazon<\/strong><\/p>\n<ul>\n<li>Excursi\u00f3n en bote r\u00e1pido por el <strong>R\u00edo Pucate<\/strong>, uno de los afluentes de la <strong>Reserva Nacional Pacaya-Samiria<\/strong>.<\/li>\n<li>Observaci\u00f3n de monos frailes, pichicos y otras especies.<\/li>\n<li>Desayuno campestre a bordo mientras observamos los <strong>delfines rosados<\/strong> y grises.<\/li>\n<li>Caminata en la <strong>selva inundable<\/strong> para ver los \u00e1rboles estranguladores y otros aspectos fascinantes de la flora y fauna amaz\u00f3nica.<\/li>\n<li>Visita a una <strong>comunidad local<\/strong> para aprender sobre la preservaci\u00f3n de tortugas en peligro de extinci\u00f3n y probar la experiencia de navegar una <strong>canoa amaz\u00f3nica<\/strong>.<\/li>\n<li>Por la tarde, caminata en la <strong>selva traviesa<\/strong> de tierra firme, donde podremos encontrar ranas venenosas, reptiles y tar\u00e1ntulas.<br \/>\n<strong>D\/A\/C<\/strong><\/li>\n<\/ul>\n<p><strong>D\u00cdA 4: Encuentro de los R\u00edos Mara\u00f1\u00f3n y Ucayali<\/strong><\/p>\n<ul>\n<li>Visitamos la <strong>comunidad Kukama<\/strong>, donde aprenderemos sobre su cultura, artesan\u00eda y gastronom\u00eda local.<\/li>\n<li>A continuaci\u00f3n, nos dirigimos a la <strong>confluencia del R\u00edo Mara\u00f1\u00f3n y Ucayali<\/strong>, donde nace el <strong>R\u00edo Amazonas<\/strong>.<\/li>\n<li>Nuestro gu\u00eda nos dar\u00e1 una explicaci\u00f3n sobre la formaci\u00f3n de este sistema fluvial y el recorrido de m\u00e1s de <strong>2,400 millas<\/strong> hasta el oc\u00e9ano Atl\u00e1ntico.<\/li>\n<li>Por la tarde, exploraremos los canales del <strong>Ucayali<\/strong> en bote r\u00e1pido, adentr\u00e1ndonos en la selva para observar la flora y fauna en su entorno natural.<\/li>\n<li>Cena y exploraci\u00f3n nocturna en busca de <strong>caimanes, serpientes y otros animales nocturnos<\/strong>.<br \/>\n<strong>D\/A\/C<\/strong><\/li>\n<\/ul>\n<p><strong>D\u00cdA 5: Exploraci\u00f3n de la Reserva Pacaya-Samiria y Requena<\/strong><\/p>\n<ul>\n<li>Excursi\u00f3n al <strong>Ucayali<\/strong>, donde observaremos la fauna local, incluidos monos, anacondas y osos perezosos.<\/li>\n<li>Desayuno a bordo del barco <strong>Arapaima<\/strong>.<\/li>\n<li>Navegaci\u00f3n hasta <strong>Requena<\/strong>, conocida como el <strong>Atenas del Ucayali<\/strong>, donde visitaremos su <strong>mercado local<\/strong> y la <strong>plaza principal<\/strong>.<\/li>\n<li>Por la tarde, exploraremos el <strong>afluente El Dorado<\/strong> y nos adentraremos en la selva para disfrutar de un <strong>atardecer amaz\u00f3nico<\/strong> y la vida nocturna en el bosque.<br \/>\n<strong>D\/A\/C<\/strong><\/li>\n<\/ul>\n<p><strong>D\u00cdA 6: Aventura en la Reserva Nacional Pacaya-Samiria<\/strong><\/p>\n<ul>\n<li>Desayuno temprano antes de embarcarnos en una aventura de <strong>d\u00eda completo<\/strong> por la <strong>Reserva Nacional Pacaya-Samiria<\/strong>.<\/li>\n<li>Exploraci\u00f3n del <strong>paisaje inundable<\/strong> y observaci\u00f3n de la fauna, incluyendo la oportunidad de <strong>nadar con delfines rosados<\/strong> en el lago <strong>Yarina<\/strong>.<\/li>\n<li>Almuerzo campestre en la estaci\u00f3n de vigilancia II.<\/li>\n<li>Por la tarde, tiempo para relajarse y disfrutar del paisaje mientras navegamos por el <strong>r\u00edo abajo<\/strong>.<\/li>\n<li>Demostraci\u00f3n de <strong>Pisco Sour<\/strong> a bordo, seguida de la cena.<br \/>\n<strong>D\/A\/C<\/strong><\/li>\n<\/ul>\n<p><strong>D\u00cdA 7: Pesca de Pira\u00f1as y Exploraci\u00f3n Nocturna<\/strong><\/p>\n<ul>\n<li>Despertamos temprano para explorar dos <strong>lagos aislados<\/strong> en el <strong>Bosque de V\u00e1rzea<\/strong>, un ecosistema \u00fanico.<\/li>\n<li>Realizamos la <strong>pesca de pira\u00f1as<\/strong> y degustamos este pez t\u00edpico de la regi\u00f3n.<\/li>\n<li>Por la tarde, exploramos una <strong>quebrada protegida<\/strong> por los ind\u00edgenas locales, buscando especies como el <strong>mono lanudo<\/strong>, en peligro de extinci\u00f3n.<\/li>\n<li>Terminamos el d\u00eda con una <strong>ceremonia de Sundowner<\/strong> mientras observamos el atardecer sobre la confluencia del <strong>R\u00edo Amazonas<\/strong>.<br \/>\n<strong>D\/A\/C<\/strong><\/li>\n<\/ul>\n<p><strong>D\u00cdA 8: Regreso a Iquitos y Visita al Centro de Rescate Amaz\u00f3n Forever<\/strong><\/p>\n<ul>\n<li>Desembarco y traslado hacia el <strong>aeropuerto de Iquitos<\/strong>.<\/li>\n<li>Parada en el <strong>Centro de Rescate Amazon Forever BioPark<\/strong>, donde aprenderemos sobre los esfuerzos de conservaci\u00f3n de especies en peligro de extinci\u00f3n, como el manat\u00ed amaz\u00f3nico.<\/li>\n<li>Traslado final al <strong>aeropuerto de Iquitos<\/strong>.<br \/>\n<strong>D\/<\/strong><\/li>\n<\/ul>\n<p><strong>FIN DEL PROGRAMA<\/strong><\/p>\n<p><strong>Nota:<\/strong> Todos nuestros programas est\u00e1n sujetos a cambios debido a condiciones clim\u00e1ticas o niveles de agua de los r\u00edos.<\/p>\n<p>Este itinerario ofrece una experiencia \u00fanica e inmersiva en la Amazon\u00eda peruana, combinando la exploraci\u00f3n de su biodiversidad, la interacci\u00f3n con comunidades locales y el aprendizaje sobre la conservaci\u00f3n de su entorno natural.<\/p>","protected":false},"excerpt":{"rendered":"<ul>\n<li><strong>DAY 1: Arrival and Boarding the M\/F ARAPAIMA<\/strong><\/li>\n<li><strong>DAY 2: Exploration in the Amazon Jungle<\/strong><\/li>\n<li><strong>DAY 3: Adventure in the River Pucate and Canoe Amazon<\/strong><\/li>\n<\/ul>","protected":false},"featured_media":162,"template":"","meta":{"site-sidebar-layout":"default","site-content-layout":"","ast-site-content-layout":"default","site-content-style":"default","site-sidebar-style":"default","ast-global-header-display":"","ast-banner-title-visibility":"","ast-main-header-display":"","ast-hfb-above-header-display":"","ast-hfb-below-header-display":"","ast-hfb-mobile-header-display":"","site-post-title":"","ast-breadcrumbs-content":"","ast-featured-img":"","footer-sml-layout":"","theme-transparent-header-meta":"default","adv-header-id-meta":"","stick-header-meta":"","header-above-stick-meta":"","header-main-stick-meta":"","header-below-stick-meta":"","astra-migrate-meta-layouts":"set","ast-page-background-enabled":"default","ast-page-background-meta":{"desktop":{"background-color":"var(--ast-global-color-4)","background-image":"","background-repeat":"repeat","background-position":"center center","background-size":"auto","background-attachment":"scroll","background-type":"","background-media":"","overlay-type":"","overlay-color":"","overlay-opacity":"","overlay-gradient":""},"tablet":{"background-color":"","background-image":"","background-repeat":"repeat","background-position":"center center","background-size":"auto","background-attachment":"scroll","background-type":"","background-media":"","overlay-type":"","overlay-color":"","overlay-opacity":"","overlay-gradient":""},"mobile":{"background-color":"","background-image":"","background-repeat":"repeat","background-position":"center center","background-size":"auto","background-attachment":"scroll","background-type":"","background-media":"","overlay-type":"","overlay-color":"","overlay-opacity":"","overlay-gradient":""}},"ast-content-background-meta":{"desktop":{"background-color":"var(--ast-global-color-5)","background-image":"","background-repeat":"repeat","background-position":"center center","background-size":"auto","background-attachment":"scroll","background-type":"","background-media":"","overlay-type":"","overlay-color":"","overlay-opacity":"","overlay-gradient":""},"tablet":{"background-color":"var(--ast-global-color-5)","background-image":"","background-repeat":"repeat","background-position":"center center","background-size":"auto","background-attachment":"scroll","background-type":"","background-media":"","overlay-type":"","overlay-color":"","overlay-opacity":"","overlay-gradient":""},"mobile":{"background-color":"var(--ast-global-color-5)","background-image":"","background-repeat":"repeat","background-position":"center center","background-size":"auto","background-attachment":"scroll","background-type":"","background-media":"","overlay-type":"","overlay-color":"","overlay-opacity":"","overlay-gradient":""}}},"product_cat":[20],"product_tag":[],"ubicacion":[23],"class_list":{"0":"post-96","1":"product","2":"type-product","3":"status-publish","4":"has-post-thumbnail","6":"product_cat-8d-7n","7":"ubicacion-pacaya-samiria","8":"desktop-align-left","9":"tablet-align-left","10":"mobile-align-left","12":"first","13":"instock","14":"shipping-taxable","15":"purchasable","16":"product-type-simple"},"yoast_head":"<!-- This site is optimized with the Yoast SEO plugin v27.4 - https:\/\/yoast.com\/product\/yoast-seo-wordpress\/ -->\n<title>Programa 8D\/7N - Arapaima Expeditions<\/title>\n<meta name=\"robots\" content=\"index, follow, max-snippet:-1, max-image-preview:large, max-video-preview:-1\" \/>\n<link rel=\"canonical\" href=\"https:\/\/nuevo.arapaimaexpeditions.com\/en\/product\/programa-8d-7n\/\" \/>\n<meta property=\"og:locale\" content=\"en_US\" \/>\n<meta property=\"og:type\" content=\"article\" \/>\n<meta property=\"og:title\" content=\"Programa 8D\/7N - Arapaima Expeditions\" \/>\n<meta property=\"og:description\" content=\"D\u00cdA 1: Llegada y Embarque en el M\/F ARAPAIMA  D\u00cdA 2: Exploraci\u00f3n en la Selva Amaz\u00f3nica  D\u00cdA 3: Aventura en el R\u00edo Pucate y Canoa Amaz\u00f3nica\" \/>\n<meta property=\"og:url\" content=\"https:\/\/nuevo.arapaimaexpeditions.com\/en\/product\/programa-8d-7n\/\" \/>\n<meta property=\"og:site_name\" content=\"Arapaima Expeditions\" \/>\n<meta property=\"article:modified_time\" content=\"2025-02-12T17:06:56+00:00\" \/>\n<meta property=\"og:image\" content=\"https:\/\/nuevo.arapaimaexpeditions.com\/wp-content\/uploads\/2025\/01\/IMG-20191014-WA0141.jpg\" \/>\n\t<meta property=\"og:image:width\" content=\"1280\" \/>\n\t<meta property=\"og:image:height\" content=\"960\" \/>\n\t<meta property=\"og:image:type\" content=\"image\/jpeg\" \/>\n<meta name=\"twitter:card\" content=\"summary_large_image\" \/>\n<meta name=\"twitter:label1\" content=\"Est. reading time\" \/>\n\t<meta name=\"twitter:data1\" content=\"4 minutes\" \/>\n<script type=\"application\/ld+json\" class=\"yoast-schema-graph\">{\"@context\":\"https:\\\/\\\/schema.org\",\"@graph\":[{\"@type\":\"WebPage\",\"@id\":\"https:\\\/\\\/nuevo.arapaimaexpeditions.com\\\/producto\\\/programa-8d-7n\\\/\",\"url\":\"https:\\\/\\\/nuevo.arapaimaexpeditions.com\\\/producto\\\/programa-8d-7n\\\/\",\"name\":\"Programa 8D\\\/7N - Arapaima Expeditions\",\"isPartOf\":{\"@id\":\"https:\\\/\\\/nuevo.arapaimaexpeditions.com\\\/#website\"},\"primaryImageOfPage\":{\"@id\":\"https:\\\/\\\/nuevo.arapaimaexpeditions.com\\\/producto\\\/programa-8d-7n\\\/#primaryimage\"},\"image\":{\"@id\":\"https:\\\/\\\/nuevo.arapaimaexpeditions.com\\\/producto\\\/programa-8d-7n\\\/#primaryimage\"},\"thumbnailUrl\":\"https:\\\/\\\/nuevo.arapaimaexpeditions.com\\\/wp-content\\\/uploads\\\/2025\\\/01\\\/IMG-20191014-WA0141.jpg\",\"datePublished\":\"2025-01-06T21:45:08+00:00\",\"dateModified\":\"2025-02-12T17:06:56+00:00\",\"breadcrumb\":{\"@id\":\"https:\\\/\\\/nuevo.arapaimaexpeditions.com\\\/producto\\\/programa-8d-7n\\\/#breadcrumb\"},\"inLanguage\":\"en-US\",\"potentialAction\":[{\"@type\":\"ReadAction\",\"target\":[\"https:\\\/\\\/nuevo.arapaimaexpeditions.com\\\/producto\\\/programa-8d-7n\\\/\"]}]},{\"@type\":\"ImageObject\",\"inLanguage\":\"en-US\",\"@id\":\"https:\\\/\\\/nuevo.arapaimaexpeditions.com\\\/producto\\\/programa-8d-7n\\\/#primaryimage\",\"url\":\"https:\\\/\\\/nuevo.arapaimaexpeditions.com\\\/wp-content\\\/uploads\\\/2025\\\/01\\\/IMG-20191014-WA0141.jpg\",\"contentUrl\":\"https:\\\/\\\/nuevo.arapaimaexpeditions.com\\\/wp-content\\\/uploads\\\/2025\\\/01\\\/IMG-20191014-WA0141.jpg\",\"width\":1280,\"height\":960},{\"@type\":\"BreadcrumbList\",\"@id\":\"https:\\\/\\\/nuevo.arapaimaexpeditions.com\\\/producto\\\/programa-8d-7n\\\/#breadcrumb\",\"itemListElement\":[{\"@type\":\"ListItem\",\"position\":1,\"name\":\"Home\",\"item\":\"https:\\\/\\\/nuevo.arapaimaexpeditions.com\\\/\"},{\"@type\":\"ListItem\",\"position\":2,\"name\":\"Productos\",\"item\":\"https:\\\/\\\/nuevo.arapaimaexpeditions.com\\\/tienda\\\/\"},{\"@type\":\"ListItem\",\"position\":3,\"name\":\"Programa 8D\\\/7N\"}]},{\"@type\":\"WebSite\",\"@id\":\"https:\\\/\\\/nuevo.arapaimaexpeditions.com\\\/#website\",\"url\":\"https:\\\/\\\/nuevo.arapaimaexpeditions.com\\\/\",\"name\":\"Arapaima Expeditions\",\"description\":\"Aventuras por el Rio Amazonas\",\"publisher\":{\"@id\":\"https:\\\/\\\/nuevo.arapaimaexpeditions.com\\\/#organization\"},\"potentialAction\":[{\"@type\":\"SearchAction\",\"target\":{\"@type\":\"EntryPoint\",\"urlTemplate\":\"https:\\\/\\\/nuevo.arapaimaexpeditions.com\\\/?s={search_term_string}\"},\"query-input\":{\"@type\":\"PropertyValueSpecification\",\"valueRequired\":true,\"valueName\":\"search_term_string\"}}],\"inLanguage\":\"en-US\"},{\"@type\":\"Organization\",\"@id\":\"https:\\\/\\\/nuevo.arapaimaexpeditions.com\\\/#organization\",\"name\":\"Arapaima Expeditions\",\"url\":\"https:\\\/\\\/nuevo.arapaimaexpeditions.com\\\/\",\"logo\":{\"@type\":\"ImageObject\",\"inLanguage\":\"en-US\",\"@id\":\"https:\\\/\\\/nuevo.arapaimaexpeditions.com\\\/#\\\/schema\\\/logo\\\/image\\\/\",\"url\":\"https:\\\/\\\/nuevo.arapaimaexpeditions.com\\\/wp-content\\\/uploads\\\/2024\\\/12\\\/logo-arapaima-expeditions.png\",\"contentUrl\":\"https:\\\/\\\/nuevo.arapaimaexpeditions.com\\\/wp-content\\\/uploads\\\/2024\\\/12\\\/logo-arapaima-expeditions.png\",\"width\":136,\"height\":136,\"caption\":\"Arapaima Expeditions\"},\"image\":{\"@id\":\"https:\\\/\\\/nuevo.arapaimaexpeditions.com\\\/#\\\/schema\\\/logo\\\/image\\\/\"}}]}<\/script>\n<!-- \/ Yoast SEO plugin. -->","yoast_head_json":{"title":"Programa 8D\/7N - Arapaima Expeditions","robots":{"index":"index","follow":"follow","max-snippet":"max-snippet:-1","max-image-preview":"max-image-preview:large","max-video-preview":"max-video-preview:-1"},"canonical":"https:\/\/nuevo.arapaimaexpeditions.com\/en\/product\/programa-8d-7n\/","og_locale":"en_US","og_type":"article","og_title":"Programa 8D\/7N - Arapaima Expeditions","og_description":"D\u00cdA 1: Llegada y Embarque en el M\/F ARAPAIMA  D\u00cdA 2: Exploraci\u00f3n en la Selva Amaz\u00f3nica  D\u00cdA 3: Aventura en el R\u00edo Pucate y Canoa Amaz\u00f3nica","og_url":"https:\/\/nuevo.arapaimaexpeditions.com\/en\/product\/programa-8d-7n\/","og_site_name":"Arapaima Expeditions","article_modified_time":"2025-02-12T17:06:56+00:00","og_image":[{"width":1280,"height":960,"url":"https:\/\/nuevo.arapaimaexpeditions.com\/wp-content\/uploads\/2025\/01\/IMG-20191014-WA0141.jpg","type":"image\/jpeg"}],"twitter_card":"summary_large_image","twitter_misc":{"Est. reading time":"4 minutes"},"schema":{"@context":"https:\/\/schema.org","@graph":[{"@type":"WebPage","@id":"https:\/\/nuevo.arapaimaexpeditions.com\/producto\/programa-8d-7n\/","url":"https:\/\/nuevo.arapaimaexpeditions.com\/producto\/programa-8d-7n\/","name":"Programa 8D\/7N - Arapaima Expeditions","isPartOf":{"@id":"https:\/\/nuevo.arapaimaexpeditions.com\/#website"},"primaryImageOfPage":{"@id":"https:\/\/nuevo.arapaimaexpeditions.com\/producto\/programa-8d-7n\/#primaryimage"},"image":{"@id":"https:\/\/nuevo.arapaimaexpeditions.com\/producto\/programa-8d-7n\/#primaryimage"},"thumbnailUrl":"https:\/\/nuevo.arapaimaexpeditions.com\/wp-content\/uploads\/2025\/01\/IMG-20191014-WA0141.jpg","datePublished":"2025-01-06T21:45:08+00:00","dateModified":"2025-02-12T17:06:56+00:00","breadcrumb":{"@id":"https:\/\/nuevo.arapaimaexpeditions.com\/producto\/programa-8d-7n\/#breadcrumb"},"inLanguage":"en-US","potentialAction":[{"@type":"ReadAction","target":["https:\/\/nuevo.arapaimaexpeditions.com\/producto\/programa-8d-7n\/"]}]},{"@type":"ImageObject","inLanguage":"en-US","@id":"https:\/\/nuevo.arapaimaexpeditions.com\/producto\/programa-8d-7n\/#primaryimage","url":"https:\/\/nuevo.arapaimaexpeditions.com\/wp-content\/uploads\/2025\/01\/IMG-20191014-WA0141.jpg","contentUrl":"https:\/\/nuevo.arapaimaexpeditions.com\/wp-content\/uploads\/2025\/01\/IMG-20191014-WA0141.jpg","width":1280,"height":960},{"@type":"BreadcrumbList","@id":"https:\/\/nuevo.arapaimaexpeditions.com\/producto\/programa-8d-7n\/#breadcrumb","itemListElement":[{"@type":"ListItem","position":1,"name":"Home","item":"https:\/\/nuevo.arapaimaexpeditions.com\/"},{"@type":"ListItem","position":2,"name":"Productos","item":"https:\/\/nuevo.arapaimaexpeditions.com\/tienda\/"},{"@type":"ListItem","position":3,"name":"Programa 8D\/7N"}]},{"@type":"WebSite","@id":"https:\/\/nuevo.arapaimaexpeditions.com\/#website","url":"https:\/\/nuevo.arapaimaexpeditions.com\/","name":"Arapaima Expeditions","description":"Aventuras por el Rio Amazonas","publisher":{"@id":"https:\/\/nuevo.arapaimaexpeditions.com\/#organization"},"potentialAction":[{"@type":"SearchAction","target":{"@type":"EntryPoint","urlTemplate":"https:\/\/nuevo.arapaimaexpeditions.com\/?s={search_term_string}"},"query-input":{"@type":"PropertyValueSpecification","valueRequired":true,"valueName":"search_term_string"}}],"inLanguage":"en-US"},{"@type":"Organization","@id":"https:\/\/nuevo.arapaimaexpeditions.com\/#organization","name":"Arapaima Expeditions","url":"https:\/\/nuevo.arapaimaexpeditions.com\/","logo":{"@type":"ImageObject","inLanguage":"en-US","@id":"https:\/\/nuevo.arapaimaexpeditions.com\/#\/schema\/logo\/image\/","url":"https:\/\/nuevo.arapaimaexpeditions.com\/wp-content\/uploads\/2024\/12\/logo-arapaima-expeditions.png","contentUrl":"https:\/\/nuevo.arapaimaexpeditions.com\/wp-content\/uploads\/2024\/12\/logo-arapaima-expeditions.png","width":136,"height":136,"caption":"Arapaima Expeditions"},"image":{"@id":"https:\/\/nuevo.arapaimaexpeditions.com\/#\/schema\/logo\/image\/"}}]}},"_links":{"self":[{"href":"https:\/\/nuevo.arapaimaexpeditions.com\/en\/wp-json\/wp\/v2\/product\/96","targetHints":{"allow":["GET"]}}],"collection":[{"href":"https:\/\/nuevo.arapaimaexpeditions.com\/en\/wp-json\/wp\/v2\/product"}],"about":[{"href":"https:\/\/nuevo.arapaimaexpeditions.com\/en\/wp-json\/wp\/v2\/types\/product"}],"wp:featuredmedia":[{"embeddable":true,"href":"https:\/\/nuevo.arapaimaexpeditions.com\/en\/wp-json\/wp\/v2\/media\/162"}],"wp:attachment":[{"href":"https:\/\/nuevo.arapaimaexpeditions.com\/en\/wp-json\/wp\/v2\/media?parent=96"}],"wp:term":[{"taxonomy":"product_cat","embeddable":true,"href":"https:\/\/nuevo.arapaimaexpeditions.com\/en\/wp-json\/wp\/v2\/product_cat?post=96"},{"taxonomy":"product_tag","embeddable":true,"href":"https:\/\/nuevo.arapaimaexpeditions.com\/en\/wp-json\/wp\/v2\/product_tag?post=96"},{"taxonomy":"ubicacion","embeddable":true,"href":"https:\/\/nuevo.arapaimaexpeditions.com\/en\/wp-json\/wp\/v2\/ubicacion?post=96"}],"curies":[{"name":"wp","href":"https:\/\/api.w.org\/{rel}","templated":true}]}}