{"id":97,"date":"2025-01-06T21:46:22","date_gmt":"2025-01-06T21:46:22","guid":{"rendered":"https:\/\/nuevo.arapaimaexpeditions.com\/?post_type=product&#038;p=97"},"modified":"2025-02-12T12:06:16","modified_gmt":"2025-02-12T17:06:16","slug":"programa-4d-3n","status":"publish","type":"product","link":"https:\/\/nuevo.arapaimaexpeditions.com\/en\/product\/programa-4d-3n\/","title":{"rendered":"Program 4D\/3N"},"content":{"rendered":"<p><strong>DAY 1: Arrival and Boarding<\/strong><\/p>\n<ul>\n<li>Recepci\u00f3n en el <strong>aeropuerto\/hotel<\/strong> y traslado en bus a nuestro embarcadero privado en <strong>Nauta<\/strong>.<\/li>\n<li>Abordamos el <strong>barco ARAPAIMA<\/strong> y el Capit\u00e1n nos dar\u00e1 la bienvenida y las instrucciones de seguridad.<\/li>\n<li>Nuestro gu\u00eda naturalista brindar\u00e1 detalles sobre las instalaciones y actividades programadas durante el viaje.<\/li>\n<li>Tras asignar las habitaciones, comenzaremos nuestra navegaci\u00f3n por el <strong>R\u00edo Mara\u00f1\u00f3n<\/strong> hasta la confluencia con el <strong>R\u00edo Ucayali<\/strong>, el lugar donde nace el imponente <strong>R\u00edo Amazonas<\/strong>.<\/li>\n<li>El capit\u00e1n y el gu\u00eda naturalista nos mostrar\u00e1n este paisaje \u00fanico y nos explicar\u00e1n los or\u00edgenes del Amazonas.<\/li>\n<li>Despu\u00e9s del almuerzo, tendremos una charla sobre la geograf\u00eda amaz\u00f3nica y el origen del <strong>R\u00edo Amazonas<\/strong>, el r\u00edo m\u00e1s caudaloso del mundo.<\/li>\n<li>Por la tarde, exploraremos la uni\u00f3n de los r\u00edos Ucayali y Mara\u00f1\u00f3n a bordo de un bote r\u00e1pido, buscando vida silvestre como delfines rosados, loros, guacamayos, y monos.<\/li>\n<li>Tras la cena, realizaremos un paseo nocturno en bote en busca de caimanes y otros animales nocturnos.<br \/>\n<strong>A\/C<\/strong><\/li>\n<\/ul>\n<p><strong>DAY 2: Exploration of the Ucayali River and the Pacaya-Samiria Reserve<\/strong><\/p>\n<ul>\n<li>Despertamos al amanecer en el <strong>R\u00edo Ucayali<\/strong>, con una excursi\u00f3n opcional en bote r\u00e1pido para observar aves silvestres y disfrutar del amanecer amaz\u00f3nico.<\/li>\n<li>Tras el desayuno, haremos una caminata por la selva baja-inundable protegida por los <strong>Kukamas<\/strong> del R\u00edo Ucayali, para explorar diferentes ecosistemas amaz\u00f3nicos.<\/li>\n<li>Durante la caminata, veremos las <strong>victorias regias<\/strong>, plantas que pueden sostener a un reci\u00e9n nacido gracias a su estructura \u00fanica.<\/li>\n<li>Interacci\u00f3n con los <strong>Kukamas<\/strong>, con la oportunidad de comprar artesan\u00edas locales.<\/li>\n<li>Despu\u00e9s del almuerzo, nuestro gu\u00eda naturalista ofrecer\u00e1 una charla sobre los desaf\u00edos de la <strong>Reserva Nacional Pacaya-Samiria<\/strong> y la protecci\u00f3n de especies en peligro de extinci\u00f3n, como el <strong>jaguar<\/strong> y la <strong>anaconda<\/strong>.<\/li>\n<li>Por la tarde, exploraremos las <strong>quebradas de ShiriYacu<\/strong> para realizar una pesca de <strong>pira\u00f1as<\/strong>, el pez m\u00e1s temido de la regi\u00f3n, mientras observamos aves tropicales.<\/li>\n<li>Al caer la noche, otro paseo nocturno en bote nos permitir\u00e1 observar vida salvaje en las oscuras aguas del Amazonas.<br \/>\n<strong>D\/A\/C<\/strong><\/li>\n<\/ul>\n<p><strong>DAY 3: Exploration of the Pacaya-Samiria reserve and Culture Kukama<\/strong><\/p>\n<ul>\n<li>Iniciaremos el d\u00eda con una excursi\u00f3n matutina por la <strong>Reserva Nacional Pacaya-Samiria<\/strong>, buscando vida silvestre mientras disfrutamos de un desayuno en el bote.<\/li>\n<li>Durante la ma\u00f1ana, exploraremos el ecosistema \u00fanico de la selva amaz\u00f3nica, rodeados de <strong>delfines rosados<\/strong> y una abundante fauna.<\/li>\n<li>Visitaremos un <strong>pueblo Kukama<\/strong> cercano, donde aprenderemos sobre su cultura y veremos una demostraci\u00f3n de la manufactura de sus artesan\u00edas.<\/li>\n<li>Tras el almuerzo, realizaremos una caminata por los bosques de <strong>tierra firme<\/strong> (selva alta) donde observaremos insectos, reptiles y anfibios \u00fanicos como <strong>tarantulas<\/strong> y <strong>sapos<\/strong>.<br \/>\n<strong>D\/A\/C<\/strong><\/li>\n<\/ul>\n<p><strong>D\u00cdA 4: Manat\u00edes y Regreso a Iquitos<\/strong><\/p>\n<ul>\n<li>Despertaremos con el canto de las aves y un hermoso amanecer a bordo del <strong>barco Arapaima<\/strong>.<\/li>\n<li>Tras el desayuno, desembarque en <strong>Nauta<\/strong> y traslado en bus a la ciudad de <strong>Iquitos<\/strong> (aproximadamente 1:30 horas de viaje).<\/li>\n<li>En ruta, haremos una parada en el <strong>Centro de Rescate Amazon Forever BioPark<\/strong>, un proyecto de conservaci\u00f3n de <strong>manat\u00edes amaz\u00f3nicos<\/strong> y otras especies en peligro.<\/li>\n<li>Disfrutaremos de una visita guiada para aprender sobre los esfuerzos de conservaci\u00f3n de estos mam\u00edferos.<\/li>\n<li>Tras la visita, continuamos el viaje hacia el <strong>aeropuerto de Iquitos<\/strong> para el vuelo de regreso.<br \/>\n<strong>D\/<\/strong><\/li>\n<\/ul>\n<p><strong>FIN DEL PROGRAMA<\/strong><\/p>\n<p><strong>Nota:<\/strong> Todos los programas est\u00e1n sujetos a cambios debido a condiciones clim\u00e1ticas y niveles de agua en los r\u00edos.<\/p>\n<p>Este itinerario ofrece una experiencia \u00fanica para conocer la biodiversidad de la Amazon\u00eda, su cultura local y sus esfuerzos de conservaci\u00f3n, proporcionando un viaje memorable por una de las regiones m\u00e1s fascinantes del planeta.<\/p>","protected":false},"excerpt":{"rendered":"<ul>\n<li><strong>DAY 1: Arrival and Boarding<\/strong><\/li>\n<li><strong>DAY 2: Exploration of the Ucayali River and the Pacaya-Samiria Reserve<\/strong><\/li>\n<li><strong>DAY 3: Exploration of the Pacaya-Samiria reserve and Culture Kukama<\/strong><\/li>\n<\/ul>","protected":false},"featured_media":504,"template":"","meta":{"site-sidebar-layout":"default","site-content-layout":"","ast-site-content-layout":"default","site-content-style":"default","site-sidebar-style":"default","ast-global-header-display":"","ast-banner-title-visibility":"","ast-main-header-display":"","ast-hfb-above-header-display":"","ast-hfb-below-header-display":"","ast-hfb-mobile-header-display":"","site-post-title":"","ast-breadcrumbs-content":"","ast-featured-img":"","footer-sml-layout":"","theme-transparent-header-meta":"default","adv-header-id-meta":"","stick-header-meta":"","header-above-stick-meta":"","header-main-stick-meta":"","header-below-stick-meta":"","astra-migrate-meta-layouts":"set","ast-page-background-enabled":"default","ast-page-background-meta":{"desktop":{"background-color":"var(--ast-global-color-4)","background-image":"","background-repeat":"repeat","background-position":"center center","background-size":"auto","background-attachment":"scroll","background-type":"","background-media":"","overlay-type":"","overlay-color":"","overlay-opacity":"","overlay-gradient":""},"tablet":{"background-color":"","background-image":"","background-repeat":"repeat","background-position":"center center","background-size":"auto","background-attachment":"scroll","background-type":"","background-media":"","overlay-type":"","overlay-color":"","overlay-opacity":"","overlay-gradient":""},"mobile":{"background-color":"","background-image":"","background-repeat":"repeat","background-position":"center center","background-size":"auto","background-attachment":"scroll","background-type":"","background-media":"","overlay-type":"","overlay-color":"","overlay-opacity":"","overlay-gradient":""}},"ast-content-background-meta":{"desktop":{"background-color":"var(--ast-global-color-5)","background-image":"","background-repeat":"repeat","background-position":"center center","background-size":"auto","background-attachment":"scroll","background-type":"","background-media":"","overlay-type":"","overlay-color":"","overlay-opacity":"","overlay-gradient":""},"tablet":{"background-color":"var(--ast-global-color-5)","background-image":"","background-repeat":"repeat","background-position":"center center","background-size":"auto","background-attachment":"scroll","background-type":"","background-media":"","overlay-type":"","overlay-color":"","overlay-opacity":"","overlay-gradient":""},"mobile":{"background-color":"var(--ast-global-color-5)","background-image":"","background-repeat":"repeat","background-position":"center center","background-size":"auto","background-attachment":"scroll","background-type":"","background-media":"","overlay-type":"","overlay-color":"","overlay-opacity":"","overlay-gradient":""}}},"product_cat":[19],"product_tag":[],"ubicacion":[23],"class_list":{"0":"post-97","1":"product","2":"type-product","3":"status-publish","4":"has-post-thumbnail","6":"product_cat-4d-3n","7":"ubicacion-pacaya-samiria","8":"desktop-align-left","9":"tablet-align-left","10":"mobile-align-left","12":"first","13":"instock","14":"shipping-taxable","15":"purchasable","16":"product-type-simple"},"yoast_head":"<!-- This site is optimized with the Yoast SEO plugin v27.4 - https:\/\/yoast.com\/product\/yoast-seo-wordpress\/ -->\n<title>Programa 4D\/3N - Arapaima Expeditions<\/title>\n<meta name=\"robots\" content=\"index, follow, max-snippet:-1, max-image-preview:large, max-video-preview:-1\" \/>\n<link rel=\"canonical\" href=\"https:\/\/nuevo.arapaimaexpeditions.com\/en\/product\/programa-4d-3n\/\" \/>\n<meta property=\"og:locale\" content=\"en_US\" \/>\n<meta property=\"og:type\" content=\"article\" \/>\n<meta property=\"og:title\" content=\"Programa 4D\/3N - Arapaima Expeditions\" \/>\n<meta property=\"og:description\" content=\"D\u00cdA 1: Llegada y Embarque  D\u00cdA 2: Exploraci\u00f3n del R\u00edo Ucayali y Reserva Pacaya-Samiria  D\u00cdA 3: Exploraci\u00f3n de la Reserva Pacaya-Samiria y Cultura Kukama\" \/>\n<meta property=\"og:url\" content=\"https:\/\/nuevo.arapaimaexpeditions.com\/en\/product\/programa-4d-3n\/\" \/>\n<meta property=\"og:site_name\" content=\"Arapaima Expeditions\" \/>\n<meta property=\"article:modified_time\" content=\"2025-02-12T17:06:16+00:00\" \/>\n<meta property=\"og:image\" content=\"https:\/\/nuevo.arapaimaexpeditions.com\/wp-content\/uploads\/2025\/01\/IMG-20191018-WA0123.jpg\" \/>\n\t<meta property=\"og:image:width\" content=\"999\" \/>\n\t<meta property=\"og:image:height\" content=\"731\" \/>\n\t<meta property=\"og:image:type\" content=\"image\/jpeg\" \/>\n<meta name=\"twitter:card\" content=\"summary_large_image\" \/>\n<meta name=\"twitter:label1\" content=\"Est. reading time\" \/>\n\t<meta name=\"twitter:data1\" content=\"3 minutes\" \/>\n<script type=\"application\/ld+json\" class=\"yoast-schema-graph\">{\"@context\":\"https:\\\/\\\/schema.org\",\"@graph\":[{\"@type\":\"WebPage\",\"@id\":\"https:\\\/\\\/nuevo.arapaimaexpeditions.com\\\/producto\\\/programa-4d-3n\\\/\",\"url\":\"https:\\\/\\\/nuevo.arapaimaexpeditions.com\\\/producto\\\/programa-4d-3n\\\/\",\"name\":\"Programa 4D\\\/3N - Arapaima Expeditions\",\"isPartOf\":{\"@id\":\"https:\\\/\\\/nuevo.arapaimaexpeditions.com\\\/#website\"},\"primaryImageOfPage\":{\"@id\":\"https:\\\/\\\/nuevo.arapaimaexpeditions.com\\\/producto\\\/programa-4d-3n\\\/#primaryimage\"},\"image\":{\"@id\":\"https:\\\/\\\/nuevo.arapaimaexpeditions.com\\\/producto\\\/programa-4d-3n\\\/#primaryimage\"},\"thumbnailUrl\":\"https:\\\/\\\/nuevo.arapaimaexpeditions.com\\\/wp-content\\\/uploads\\\/2025\\\/01\\\/IMG-20191018-WA0123.jpg\",\"datePublished\":\"2025-01-06T21:46:22+00:00\",\"dateModified\":\"2025-02-12T17:06:16+00:00\",\"breadcrumb\":{\"@id\":\"https:\\\/\\\/nuevo.arapaimaexpeditions.com\\\/producto\\\/programa-4d-3n\\\/#breadcrumb\"},\"inLanguage\":\"en-US\",\"potentialAction\":[{\"@type\":\"ReadAction\",\"target\":[\"https:\\\/\\\/nuevo.arapaimaexpeditions.com\\\/producto\\\/programa-4d-3n\\\/\"]}]},{\"@type\":\"ImageObject\",\"inLanguage\":\"en-US\",\"@id\":\"https:\\\/\\\/nuevo.arapaimaexpeditions.com\\\/producto\\\/programa-4d-3n\\\/#primaryimage\",\"url\":\"https:\\\/\\\/nuevo.arapaimaexpeditions.com\\\/wp-content\\\/uploads\\\/2025\\\/01\\\/IMG-20191018-WA0123.jpg\",\"contentUrl\":\"https:\\\/\\\/nuevo.arapaimaexpeditions.com\\\/wp-content\\\/uploads\\\/2025\\\/01\\\/IMG-20191018-WA0123.jpg\",\"width\":999,\"height\":731},{\"@type\":\"BreadcrumbList\",\"@id\":\"https:\\\/\\\/nuevo.arapaimaexpeditions.com\\\/producto\\\/programa-4d-3n\\\/#breadcrumb\",\"itemListElement\":[{\"@type\":\"ListItem\",\"position\":1,\"name\":\"Home\",\"item\":\"https:\\\/\\\/nuevo.arapaimaexpeditions.com\\\/\"},{\"@type\":\"ListItem\",\"position\":2,\"name\":\"Productos\",\"item\":\"https:\\\/\\\/nuevo.arapaimaexpeditions.com\\\/tienda\\\/\"},{\"@type\":\"ListItem\",\"position\":3,\"name\":\"Programa 4D\\\/3N\"}]},{\"@type\":\"WebSite\",\"@id\":\"https:\\\/\\\/nuevo.arapaimaexpeditions.com\\\/#website\",\"url\":\"https:\\\/\\\/nuevo.arapaimaexpeditions.com\\\/\",\"name\":\"Arapaima Expeditions\",\"description\":\"Aventuras por el Rio Amazonas\",\"publisher\":{\"@id\":\"https:\\\/\\\/nuevo.arapaimaexpeditions.com\\\/#organization\"},\"potentialAction\":[{\"@type\":\"SearchAction\",\"target\":{\"@type\":\"EntryPoint\",\"urlTemplate\":\"https:\\\/\\\/nuevo.arapaimaexpeditions.com\\\/?s={search_term_string}\"},\"query-input\":{\"@type\":\"PropertyValueSpecification\",\"valueRequired\":true,\"valueName\":\"search_term_string\"}}],\"inLanguage\":\"en-US\"},{\"@type\":\"Organization\",\"@id\":\"https:\\\/\\\/nuevo.arapaimaexpeditions.com\\\/#organization\",\"name\":\"Arapaima Expeditions\",\"url\":\"https:\\\/\\\/nuevo.arapaimaexpeditions.com\\\/\",\"logo\":{\"@type\":\"ImageObject\",\"inLanguage\":\"en-US\",\"@id\":\"https:\\\/\\\/nuevo.arapaimaexpeditions.com\\\/#\\\/schema\\\/logo\\\/image\\\/\",\"url\":\"https:\\\/\\\/nuevo.arapaimaexpeditions.com\\\/wp-content\\\/uploads\\\/2024\\\/12\\\/logo-arapaima-expeditions.png\",\"contentUrl\":\"https:\\\/\\\/nuevo.arapaimaexpeditions.com\\\/wp-content\\\/uploads\\\/2024\\\/12\\\/logo-arapaima-expeditions.png\",\"width\":136,\"height\":136,\"caption\":\"Arapaima Expeditions\"},\"image\":{\"@id\":\"https:\\\/\\\/nuevo.arapaimaexpeditions.com\\\/#\\\/schema\\\/logo\\\/image\\\/\"}}]}<\/script>\n<!-- \/ Yoast SEO plugin. -->","yoast_head_json":{"title":"Programa 4D\/3N - Arapaima Expeditions","robots":{"index":"index","follow":"follow","max-snippet":"max-snippet:-1","max-image-preview":"max-image-preview:large","max-video-preview":"max-video-preview:-1"},"canonical":"https:\/\/nuevo.arapaimaexpeditions.com\/en\/product\/programa-4d-3n\/","og_locale":"en_US","og_type":"article","og_title":"Programa 4D\/3N - Arapaima Expeditions","og_description":"D\u00cdA 1: Llegada y Embarque  D\u00cdA 2: Exploraci\u00f3n del R\u00edo Ucayali y Reserva Pacaya-Samiria  D\u00cdA 3: Exploraci\u00f3n de la Reserva Pacaya-Samiria y Cultura Kukama","og_url":"https:\/\/nuevo.arapaimaexpeditions.com\/en\/product\/programa-4d-3n\/","og_site_name":"Arapaima Expeditions","article_modified_time":"2025-02-12T17:06:16+00:00","og_image":[{"width":999,"height":731,"url":"https:\/\/nuevo.arapaimaexpeditions.com\/wp-content\/uploads\/2025\/01\/IMG-20191018-WA0123.jpg","type":"image\/jpeg"}],"twitter_card":"summary_large_image","twitter_misc":{"Est. reading time":"3 minutes"},"schema":{"@context":"https:\/\/schema.org","@graph":[{"@type":"WebPage","@id":"https:\/\/nuevo.arapaimaexpeditions.com\/producto\/programa-4d-3n\/","url":"https:\/\/nuevo.arapaimaexpeditions.com\/producto\/programa-4d-3n\/","name":"Programa 4D\/3N - Arapaima Expeditions","isPartOf":{"@id":"https:\/\/nuevo.arapaimaexpeditions.com\/#website"},"primaryImageOfPage":{"@id":"https:\/\/nuevo.arapaimaexpeditions.com\/producto\/programa-4d-3n\/#primaryimage"},"image":{"@id":"https:\/\/nuevo.arapaimaexpeditions.com\/producto\/programa-4d-3n\/#primaryimage"},"thumbnailUrl":"https:\/\/nuevo.arapaimaexpeditions.com\/wp-content\/uploads\/2025\/01\/IMG-20191018-WA0123.jpg","datePublished":"2025-01-06T21:46:22+00:00","dateModified":"2025-02-12T17:06:16+00:00","breadcrumb":{"@id":"https:\/\/nuevo.arapaimaexpeditions.com\/producto\/programa-4d-3n\/#breadcrumb"},"inLanguage":"en-US","potentialAction":[{"@type":"ReadAction","target":["https:\/\/nuevo.arapaimaexpeditions.com\/producto\/programa-4d-3n\/"]}]},{"@type":"ImageObject","inLanguage":"en-US","@id":"https:\/\/nuevo.arapaimaexpeditions.com\/producto\/programa-4d-3n\/#primaryimage","url":"https:\/\/nuevo.arapaimaexpeditions.com\/wp-content\/uploads\/2025\/01\/IMG-20191018-WA0123.jpg","contentUrl":"https:\/\/nuevo.arapaimaexpeditions.com\/wp-content\/uploads\/2025\/01\/IMG-20191018-WA0123.jpg","width":999,"height":731},{"@type":"BreadcrumbList","@id":"https:\/\/nuevo.arapaimaexpeditions.com\/producto\/programa-4d-3n\/#breadcrumb","itemListElement":[{"@type":"ListItem","position":1,"name":"Home","item":"https:\/\/nuevo.arapaimaexpeditions.com\/"},{"@type":"ListItem","position":2,"name":"Productos","item":"https:\/\/nuevo.arapaimaexpeditions.com\/tienda\/"},{"@type":"ListItem","position":3,"name":"Programa 4D\/3N"}]},{"@type":"WebSite","@id":"https:\/\/nuevo.arapaimaexpeditions.com\/#website","url":"https:\/\/nuevo.arapaimaexpeditions.com\/","name":"Arapaima Expeditions","description":"Aventuras por el Rio Amazonas","publisher":{"@id":"https:\/\/nuevo.arapaimaexpeditions.com\/#organization"},"potentialAction":[{"@type":"SearchAction","target":{"@type":"EntryPoint","urlTemplate":"https:\/\/nuevo.arapaimaexpeditions.com\/?s={search_term_string}"},"query-input":{"@type":"PropertyValueSpecification","valueRequired":true,"valueName":"search_term_string"}}],"inLanguage":"en-US"},{"@type":"Organization","@id":"https:\/\/nuevo.arapaimaexpeditions.com\/#organization","name":"Arapaima Expeditions","url":"https:\/\/nuevo.arapaimaexpeditions.com\/","logo":{"@type":"ImageObject","inLanguage":"en-US","@id":"https:\/\/nuevo.arapaimaexpeditions.com\/#\/schema\/logo\/image\/","url":"https:\/\/nuevo.arapaimaexpeditions.com\/wp-content\/uploads\/2024\/12\/logo-arapaima-expeditions.png","contentUrl":"https:\/\/nuevo.arapaimaexpeditions.com\/wp-content\/uploads\/2024\/12\/logo-arapaima-expeditions.png","width":136,"height":136,"caption":"Arapaima Expeditions"},"image":{"@id":"https:\/\/nuevo.arapaimaexpeditions.com\/#\/schema\/logo\/image\/"}}]}},"_links":{"self":[{"href":"https:\/\/nuevo.arapaimaexpeditions.com\/en\/wp-json\/wp\/v2\/product\/97","targetHints":{"allow":["GET"]}}],"collection":[{"href":"https:\/\/nuevo.arapaimaexpeditions.com\/en\/wp-json\/wp\/v2\/product"}],"about":[{"href":"https:\/\/nuevo.arapaimaexpeditions.com\/en\/wp-json\/wp\/v2\/types\/product"}],"wp:featuredmedia":[{"embeddable":true,"href":"https:\/\/nuevo.arapaimaexpeditions.com\/en\/wp-json\/wp\/v2\/media\/504"}],"wp:attachment":[{"href":"https:\/\/nuevo.arapaimaexpeditions.com\/en\/wp-json\/wp\/v2\/media?parent=97"}],"wp:term":[{"taxonomy":"product_cat","embeddable":true,"href":"https:\/\/nuevo.arapaimaexpeditions.com\/en\/wp-json\/wp\/v2\/product_cat?post=97"},{"taxonomy":"product_tag","embeddable":true,"href":"https:\/\/nuevo.arapaimaexpeditions.com\/en\/wp-json\/wp\/v2\/product_tag?post=97"},{"taxonomy":"ubicacion","embeddable":true,"href":"https:\/\/nuevo.arapaimaexpeditions.com\/en\/wp-json\/wp\/v2\/ubicacion?post=97"}],"curies":[{"name":"wp","href":"https:\/\/api.w.org\/{rel}","templated":true}]}}