{"id":99,"date":"2025-01-06T21:47:53","date_gmt":"2025-01-06T21:47:53","guid":{"rendered":"https:\/\/nuevo.arapaimaexpeditions.com\/?post_type=product&#038;p=99"},"modified":"2025-02-12T12:05:37","modified_gmt":"2025-02-12T17:05:37","slug":"programa-5d-4n","status":"publish","type":"product","link":"https:\/\/nuevo.arapaimaexpeditions.com\/en\/product\/programa-5d-4n\/","title":{"rendered":"Program 5D\/4N"},"content":{"rendered":"<p><strong>Day 1: Arrival and Boarding<\/strong><\/p>\n<p>\u2705 Recepci\u00f3n en el Aeropuerto\/Hotel y traslado al embarcadero de Nauta<br \/>\n\u2705 Embarque en la M\/F Arapaima River Boat<br \/>\n\u2705 Bienvenida por el capit\u00e1n y tripulaci\u00f3n con trago ex\u00f3tico<br \/>\n\u2705 Instrucciones de seguridad y asignaci\u00f3n de habitaciones<br \/>\n\u2705 Navegaci\u00f3n hacia la Reserva Nacional Pacaya Samiria<br \/>\n\u2705 Charla sobre la geograf\u00eda de la zona y la misi\u00f3n de la Reserva<br \/>\n\u2705 Exploraci\u00f3n en bote de la reserva para avistamiento de fauna (aves, monos, delfines, etc.)<br \/>\n\u2705 Observaci\u00f3n nocturna de caimanes, aves nocturnas y otros animales<br \/>\n\u2705 Cena a bordo con alimentos org\u00e1nicos de la selva amaz\u00f3nica<\/p>\n<p><strong>Day 2: Exploration of the Jungle<\/strong><\/p>\n<p>\u2705 Despertar con el amanecer amaz\u00f3nico a bordo del Arapaima<br \/>\n\u2705 Excursi\u00f3n en bote para observar aves y ecosistemas de la selva de los espejos<br \/>\n\u2705 Desayuno campestre en la selva<br \/>\n\u2705 Caminata por los pantanales de la reserva<br \/>\n\u2705 Almuerzo a bordo<br \/>\n\u2705 Caminata por los puentes colgantes en selva alta para observar fauna<br \/>\n\u2705 Cena a bordo<br \/>\n\u2705 Caminata nocturna para observar insectos y reptiles<\/p>\n<p><strong>Day 3: Cultural Gathering and Fishing for Piranhas<\/strong><\/p>\n<p>\u2705 Despertar con el amanecer amaz\u00f3nico<br \/>\n\u2705 Visita al shaman de la selva para aprender sobre plantas medicinales<br \/>\n\u2705 Canotaje en un afluente de San Regis con los ribere\u00f1os<br \/>\n\u2705 Almuerzo a bordo<br \/>\n\u2705 Aventura de pesca de pira\u00f1as y disfrute del atardecer en la Amazon\u00eda<br \/>\n\u2705 Cena con la pesca del d\u00eda<br \/>\n\u2705 Historias sobre la selva contadas por el gu\u00eda naturalista<\/p>\n<p><strong>D\u00eda 4: Observaci\u00f3n de Flora y Fauna<\/strong><\/p>\n<p>\u2705 Despertar con el amanecer amaz\u00f3nico<br \/>\n\u2705 Caminata por la reserva comunal de los Kukamas para observar especies en la selva alta<br \/>\n\u2705 Caminata corta para ver las plantas flotantes \u201cVictorias Regias\u201d<br \/>\n\u2705 Compra de souvenirs hechos a mano por los ribere\u00f1os<br \/>\n\u2705 Almuerzo a bordo<br \/>\n\u2705 Paseo en bote hacia el nacimiento del r\u00edo Amazonas y observaci\u00f3n del atardecer<br \/>\n\u2705 Cena de despedida a bordo y ceremonia de agradecimiento<\/p>\n<p><strong>D\u00eda 5: Regreso a Iquitos<\/strong><\/p>\n<p>\u2705 Desayuno a bordo<br \/>\n\u2705 Desembarque en Nauta y traslado a Iquitos<br \/>\n\u2705 Visita al Amazon Forever BioPark para aprender sobre la conservaci\u00f3n de los manat\u00edes y otras especies<br \/>\n\u2705 Traslado al aeropuerto para el vuelo de regreso<\/p>\n<p><strong>Recomendaci\u00f3n:<\/strong> Se recomienda un vuelo del mediod\u00eda para un traslado c\u00f3modo.<\/p>","protected":false},"excerpt":{"rendered":"<ul>\n<li><strong>Day 1: Arrival and Boarding<\/strong><\/li>\n<li><strong>Day 2: Exploration of the Jungle<\/strong><\/li>\n<li><strong>Day 3: Cultural Gathering and Fishing for Piranhas<\/strong><\/li>\n<\/ul>","protected":false},"featured_media":384,"template":"","meta":{"site-sidebar-layout":"default","site-content-layout":"","ast-site-content-layout":"default","site-content-style":"default","site-sidebar-style":"default","ast-global-header-display":"","ast-banner-title-visibility":"","ast-main-header-display":"","ast-hfb-above-header-display":"","ast-hfb-below-header-display":"","ast-hfb-mobile-header-display":"","site-post-title":"","ast-breadcrumbs-content":"","ast-featured-img":"","footer-sml-layout":"","theme-transparent-header-meta":"default","adv-header-id-meta":"","stick-header-meta":"","header-above-stick-meta":"","header-main-stick-meta":"","header-below-stick-meta":"","astra-migrate-meta-layouts":"set","ast-page-background-enabled":"default","ast-page-background-meta":{"desktop":{"background-color":"var(--ast-global-color-4)","background-image":"","background-repeat":"repeat","background-position":"center center","background-size":"auto","background-attachment":"scroll","background-type":"","background-media":"","overlay-type":"","overlay-color":"","overlay-opacity":"","overlay-gradient":""},"tablet":{"background-color":"","background-image":"","background-repeat":"repeat","background-position":"center center","background-size":"auto","background-attachment":"scroll","background-type":"","background-media":"","overlay-type":"","overlay-color":"","overlay-opacity":"","overlay-gradient":""},"mobile":{"background-color":"","background-image":"","background-repeat":"repeat","background-position":"center center","background-size":"auto","background-attachment":"scroll","background-type":"","background-media":"","overlay-type":"","overlay-color":"","overlay-opacity":"","overlay-gradient":""}},"ast-content-background-meta":{"desktop":{"background-color":"var(--ast-global-color-5)","background-image":"","background-repeat":"repeat","background-position":"center center","background-size":"auto","background-attachment":"scroll","background-type":"","background-media":"","overlay-type":"","overlay-color":"","overlay-opacity":"","overlay-gradient":""},"tablet":{"background-color":"var(--ast-global-color-5)","background-image":"","background-repeat":"repeat","background-position":"center center","background-size":"auto","background-attachment":"scroll","background-type":"","background-media":"","overlay-type":"","overlay-color":"","overlay-opacity":"","overlay-gradient":""},"mobile":{"background-color":"var(--ast-global-color-5)","background-image":"","background-repeat":"repeat","background-position":"center center","background-size":"auto","background-attachment":"scroll","background-type":"","background-media":"","overlay-type":"","overlay-color":"","overlay-opacity":"","overlay-gradient":""}}},"product_cat":[18],"product_tag":[],"ubicacion":[23],"class_list":{"0":"post-99","1":"product","2":"type-product","3":"status-publish","4":"has-post-thumbnail","6":"product_cat-5d-4n","7":"ubicacion-pacaya-samiria","8":"desktop-align-left","9":"tablet-align-left","10":"mobile-align-left","12":"first","13":"instock","14":"shipping-taxable","15":"purchasable","16":"product-type-simple"},"yoast_head":"<!-- This site is optimized with the Yoast SEO plugin v27.4 - https:\/\/yoast.com\/product\/yoast-seo-wordpress\/ -->\n<title>Programa 5D\/4N - Arapaima Expeditions<\/title>\n<meta name=\"robots\" content=\"index, follow, max-snippet:-1, max-image-preview:large, max-video-preview:-1\" \/>\n<link rel=\"canonical\" href=\"https:\/\/nuevo.arapaimaexpeditions.com\/en\/product\/programa-5d-4n\/\" \/>\n<meta property=\"og:locale\" content=\"en_US\" \/>\n<meta property=\"og:type\" content=\"article\" \/>\n<meta property=\"og:title\" content=\"Programa 5D\/4N - Arapaima Expeditions\" \/>\n<meta property=\"og:description\" content=\"D\u00eda 1: Llegada y Embarque  D\u00eda 2: Exploraci\u00f3n de la Selva  D\u00eda 3: Encuentro Cultural y Pesca de Pira\u00f1as\" \/>\n<meta property=\"og:url\" content=\"https:\/\/nuevo.arapaimaexpeditions.com\/en\/product\/programa-5d-4n\/\" \/>\n<meta property=\"og:site_name\" content=\"Arapaima Expeditions\" \/>\n<meta property=\"article:modified_time\" content=\"2025-02-12T17:05:37+00:00\" \/>\n<meta property=\"og:image\" content=\"https:\/\/nuevo.arapaimaexpeditions.com\/wp-content\/uploads\/2025\/02\/IMG-20191106-WA0052.jpg\" \/>\n\t<meta property=\"og:image:width\" content=\"1280\" \/>\n\t<meta property=\"og:image:height\" content=\"605\" \/>\n\t<meta property=\"og:image:type\" content=\"image\/jpeg\" \/>\n<meta name=\"twitter:card\" content=\"summary_large_image\" \/>\n<meta name=\"twitter:label1\" content=\"Est. reading time\" \/>\n\t<meta name=\"twitter:data1\" content=\"2 minutes\" \/>\n<script type=\"application\/ld+json\" class=\"yoast-schema-graph\">{\"@context\":\"https:\\\/\\\/schema.org\",\"@graph\":[{\"@type\":\"WebPage\",\"@id\":\"https:\\\/\\\/nuevo.arapaimaexpeditions.com\\\/producto\\\/programa-5d-4n\\\/\",\"url\":\"https:\\\/\\\/nuevo.arapaimaexpeditions.com\\\/producto\\\/programa-5d-4n\\\/\",\"name\":\"Programa 5D\\\/4N - Arapaima Expeditions\",\"isPartOf\":{\"@id\":\"https:\\\/\\\/nuevo.arapaimaexpeditions.com\\\/#website\"},\"primaryImageOfPage\":{\"@id\":\"https:\\\/\\\/nuevo.arapaimaexpeditions.com\\\/producto\\\/programa-5d-4n\\\/#primaryimage\"},\"image\":{\"@id\":\"https:\\\/\\\/nuevo.arapaimaexpeditions.com\\\/producto\\\/programa-5d-4n\\\/#primaryimage\"},\"thumbnailUrl\":\"https:\\\/\\\/nuevo.arapaimaexpeditions.com\\\/wp-content\\\/uploads\\\/2025\\\/02\\\/IMG-20191106-WA0052.jpg\",\"datePublished\":\"2025-01-06T21:47:53+00:00\",\"dateModified\":\"2025-02-12T17:05:37+00:00\",\"breadcrumb\":{\"@id\":\"https:\\\/\\\/nuevo.arapaimaexpeditions.com\\\/producto\\\/programa-5d-4n\\\/#breadcrumb\"},\"inLanguage\":\"en-US\",\"potentialAction\":[{\"@type\":\"ReadAction\",\"target\":[\"https:\\\/\\\/nuevo.arapaimaexpeditions.com\\\/producto\\\/programa-5d-4n\\\/\"]}]},{\"@type\":\"ImageObject\",\"inLanguage\":\"en-US\",\"@id\":\"https:\\\/\\\/nuevo.arapaimaexpeditions.com\\\/producto\\\/programa-5d-4n\\\/#primaryimage\",\"url\":\"https:\\\/\\\/nuevo.arapaimaexpeditions.com\\\/wp-content\\\/uploads\\\/2025\\\/02\\\/IMG-20191106-WA0052.jpg\",\"contentUrl\":\"https:\\\/\\\/nuevo.arapaimaexpeditions.com\\\/wp-content\\\/uploads\\\/2025\\\/02\\\/IMG-20191106-WA0052.jpg\",\"width\":1280,\"height\":605},{\"@type\":\"BreadcrumbList\",\"@id\":\"https:\\\/\\\/nuevo.arapaimaexpeditions.com\\\/producto\\\/programa-5d-4n\\\/#breadcrumb\",\"itemListElement\":[{\"@type\":\"ListItem\",\"position\":1,\"name\":\"Home\",\"item\":\"https:\\\/\\\/nuevo.arapaimaexpeditions.com\\\/\"},{\"@type\":\"ListItem\",\"position\":2,\"name\":\"Productos\",\"item\":\"https:\\\/\\\/nuevo.arapaimaexpeditions.com\\\/tienda\\\/\"},{\"@type\":\"ListItem\",\"position\":3,\"name\":\"Programa 5D\\\/4N\"}]},{\"@type\":\"WebSite\",\"@id\":\"https:\\\/\\\/nuevo.arapaimaexpeditions.com\\\/#website\",\"url\":\"https:\\\/\\\/nuevo.arapaimaexpeditions.com\\\/\",\"name\":\"Arapaima Expeditions\",\"description\":\"Aventuras por el Rio Amazonas\",\"publisher\":{\"@id\":\"https:\\\/\\\/nuevo.arapaimaexpeditions.com\\\/#organization\"},\"potentialAction\":[{\"@type\":\"SearchAction\",\"target\":{\"@type\":\"EntryPoint\",\"urlTemplate\":\"https:\\\/\\\/nuevo.arapaimaexpeditions.com\\\/?s={search_term_string}\"},\"query-input\":{\"@type\":\"PropertyValueSpecification\",\"valueRequired\":true,\"valueName\":\"search_term_string\"}}],\"inLanguage\":\"en-US\"},{\"@type\":\"Organization\",\"@id\":\"https:\\\/\\\/nuevo.arapaimaexpeditions.com\\\/#organization\",\"name\":\"Arapaima Expeditions\",\"url\":\"https:\\\/\\\/nuevo.arapaimaexpeditions.com\\\/\",\"logo\":{\"@type\":\"ImageObject\",\"inLanguage\":\"en-US\",\"@id\":\"https:\\\/\\\/nuevo.arapaimaexpeditions.com\\\/#\\\/schema\\\/logo\\\/image\\\/\",\"url\":\"https:\\\/\\\/nuevo.arapaimaexpeditions.com\\\/wp-content\\\/uploads\\\/2024\\\/12\\\/logo-arapaima-expeditions.png\",\"contentUrl\":\"https:\\\/\\\/nuevo.arapaimaexpeditions.com\\\/wp-content\\\/uploads\\\/2024\\\/12\\\/logo-arapaima-expeditions.png\",\"width\":136,\"height\":136,\"caption\":\"Arapaima Expeditions\"},\"image\":{\"@id\":\"https:\\\/\\\/nuevo.arapaimaexpeditions.com\\\/#\\\/schema\\\/logo\\\/image\\\/\"}}]}<\/script>\n<!-- \/ Yoast SEO plugin. -->","yoast_head_json":{"title":"Programa 5D\/4N - Arapaima Expeditions","robots":{"index":"index","follow":"follow","max-snippet":"max-snippet:-1","max-image-preview":"max-image-preview:large","max-video-preview":"max-video-preview:-1"},"canonical":"https:\/\/nuevo.arapaimaexpeditions.com\/en\/product\/programa-5d-4n\/","og_locale":"en_US","og_type":"article","og_title":"Programa 5D\/4N - Arapaima Expeditions","og_description":"D\u00eda 1: Llegada y Embarque  D\u00eda 2: Exploraci\u00f3n de la Selva  D\u00eda 3: Encuentro Cultural y Pesca de Pira\u00f1as","og_url":"https:\/\/nuevo.arapaimaexpeditions.com\/en\/product\/programa-5d-4n\/","og_site_name":"Arapaima Expeditions","article_modified_time":"2025-02-12T17:05:37+00:00","og_image":[{"width":1280,"height":605,"url":"https:\/\/nuevo.arapaimaexpeditions.com\/wp-content\/uploads\/2025\/02\/IMG-20191106-WA0052.jpg","type":"image\/jpeg"}],"twitter_card":"summary_large_image","twitter_misc":{"Est. reading time":"2 minutes"},"schema":{"@context":"https:\/\/schema.org","@graph":[{"@type":"WebPage","@id":"https:\/\/nuevo.arapaimaexpeditions.com\/producto\/programa-5d-4n\/","url":"https:\/\/nuevo.arapaimaexpeditions.com\/producto\/programa-5d-4n\/","name":"Programa 5D\/4N - Arapaima Expeditions","isPartOf":{"@id":"https:\/\/nuevo.arapaimaexpeditions.com\/#website"},"primaryImageOfPage":{"@id":"https:\/\/nuevo.arapaimaexpeditions.com\/producto\/programa-5d-4n\/#primaryimage"},"image":{"@id":"https:\/\/nuevo.arapaimaexpeditions.com\/producto\/programa-5d-4n\/#primaryimage"},"thumbnailUrl":"https:\/\/nuevo.arapaimaexpeditions.com\/wp-content\/uploads\/2025\/02\/IMG-20191106-WA0052.jpg","datePublished":"2025-01-06T21:47:53+00:00","dateModified":"2025-02-12T17:05:37+00:00","breadcrumb":{"@id":"https:\/\/nuevo.arapaimaexpeditions.com\/producto\/programa-5d-4n\/#breadcrumb"},"inLanguage":"en-US","potentialAction":[{"@type":"ReadAction","target":["https:\/\/nuevo.arapaimaexpeditions.com\/producto\/programa-5d-4n\/"]}]},{"@type":"ImageObject","inLanguage":"en-US","@id":"https:\/\/nuevo.arapaimaexpeditions.com\/producto\/programa-5d-4n\/#primaryimage","url":"https:\/\/nuevo.arapaimaexpeditions.com\/wp-content\/uploads\/2025\/02\/IMG-20191106-WA0052.jpg","contentUrl":"https:\/\/nuevo.arapaimaexpeditions.com\/wp-content\/uploads\/2025\/02\/IMG-20191106-WA0052.jpg","width":1280,"height":605},{"@type":"BreadcrumbList","@id":"https:\/\/nuevo.arapaimaexpeditions.com\/producto\/programa-5d-4n\/#breadcrumb","itemListElement":[{"@type":"ListItem","position":1,"name":"Home","item":"https:\/\/nuevo.arapaimaexpeditions.com\/"},{"@type":"ListItem","position":2,"name":"Productos","item":"https:\/\/nuevo.arapaimaexpeditions.com\/tienda\/"},{"@type":"ListItem","position":3,"name":"Programa 5D\/4N"}]},{"@type":"WebSite","@id":"https:\/\/nuevo.arapaimaexpeditions.com\/#website","url":"https:\/\/nuevo.arapaimaexpeditions.com\/","name":"Arapaima Expeditions","description":"Aventuras por el Rio Amazonas","publisher":{"@id":"https:\/\/nuevo.arapaimaexpeditions.com\/#organization"},"potentialAction":[{"@type":"SearchAction","target":{"@type":"EntryPoint","urlTemplate":"https:\/\/nuevo.arapaimaexpeditions.com\/?s={search_term_string}"},"query-input":{"@type":"PropertyValueSpecification","valueRequired":true,"valueName":"search_term_string"}}],"inLanguage":"en-US"},{"@type":"Organization","@id":"https:\/\/nuevo.arapaimaexpeditions.com\/#organization","name":"Arapaima Expeditions","url":"https:\/\/nuevo.arapaimaexpeditions.com\/","logo":{"@type":"ImageObject","inLanguage":"en-US","@id":"https:\/\/nuevo.arapaimaexpeditions.com\/#\/schema\/logo\/image\/","url":"https:\/\/nuevo.arapaimaexpeditions.com\/wp-content\/uploads\/2024\/12\/logo-arapaima-expeditions.png","contentUrl":"https:\/\/nuevo.arapaimaexpeditions.com\/wp-content\/uploads\/2024\/12\/logo-arapaima-expeditions.png","width":136,"height":136,"caption":"Arapaima Expeditions"},"image":{"@id":"https:\/\/nuevo.arapaimaexpeditions.com\/#\/schema\/logo\/image\/"}}]}},"_links":{"self":[{"href":"https:\/\/nuevo.arapaimaexpeditions.com\/en\/wp-json\/wp\/v2\/product\/99","targetHints":{"allow":["GET"]}}],"collection":[{"href":"https:\/\/nuevo.arapaimaexpeditions.com\/en\/wp-json\/wp\/v2\/product"}],"about":[{"href":"https:\/\/nuevo.arapaimaexpeditions.com\/en\/wp-json\/wp\/v2\/types\/product"}],"wp:featuredmedia":[{"embeddable":true,"href":"https:\/\/nuevo.arapaimaexpeditions.com\/en\/wp-json\/wp\/v2\/media\/384"}],"wp:attachment":[{"href":"https:\/\/nuevo.arapaimaexpeditions.com\/en\/wp-json\/wp\/v2\/media?parent=99"}],"wp:term":[{"taxonomy":"product_cat","embeddable":true,"href":"https:\/\/nuevo.arapaimaexpeditions.com\/en\/wp-json\/wp\/v2\/product_cat?post=99"},{"taxonomy":"product_tag","embeddable":true,"href":"https:\/\/nuevo.arapaimaexpeditions.com\/en\/wp-json\/wp\/v2\/product_tag?post=99"},{"taxonomy":"ubicacion","embeddable":true,"href":"https:\/\/nuevo.arapaimaexpeditions.com\/en\/wp-json\/wp\/v2\/ubicacion?post=99"}],"curies":[{"name":"wp","href":"https:\/\/api.w.org\/{rel}","templated":true}]}}